{"id":51422,"date":"2023-06-15T08:22:16","date_gmt":"2023-06-15T06:22:16","guid":{"rendered":"https:\/\/www.metaltex.com\/?page_id=51422"},"modified":"2023-11-30T08:07:33","modified_gmt":"2023-11-30T07:07:33","slug":"informativa-cookie","status":"publish","type":"page","link":"https:\/\/www.metaltex.com\/it\/informativa-cookie\/","title":{"rendered":"INFORMATIVA COOKIE"},"content":{"rendered":"<div class=\"fusion-fullwidth fullwidth-box fusion-builder-row-1 fusion-flex-container nonhundred-percent-fullwidth non-hundred-percent-height-scrolling\" style=\"--awb-border-radius-top-left:0px;--awb-border-radius-top-right:0px;--awb-border-radius-bottom-right:0px;--awb-border-radius-bottom-left:0px;--awb-flex-wrap:wrap;\" ><div class=\"fusion-builder-row fusion-row fusion-flex-align-items-flex-start fusion-flex-content-wrap\" style=\"max-width:1352px;margin-left: calc(-4% \/ 2 );margin-right: calc(-4% \/ 2 );\"><div class=\"fusion-layout-column fusion_builder_column fusion-builder-column-0 fusion_builder_column_1_1 1_1 fusion-flex-column\" style=\"--awb-bg-size:cover;--awb-width-large:100%;--awb-margin-top-large:0px;--awb-spacing-right-large:1.92%;--awb-margin-bottom-large:0px;--awb-spacing-left-large:1.92%;--awb-width-medium:100%;--awb-spacing-right-medium:1.92%;--awb-spacing-left-medium:1.92%;--awb-width-small:100%;--awb-spacing-right-small:1.92%;--awb-spacing-left-small:1.92%;\"><div class=\"fusion-column-wrapper fusion-flex-justify-content-flex-start fusion-content-layout-column\"><div class=\"fusion-text fusion-text-1\"><p><i><span style=\"font-weight: 400;\">ultimo aggiornamento: 1 giugno 2023<\/span><\/i><\/p>\n<p><span style=\"font-weight: 400;\">In questa pagina cerchiamo di fornire una spiegazione completa e chiara di cosa sono i cookie e come vengono utilizzati sul nostro sito. Consulta la nostra <\/span><a href=\"https:\/\/www.metaltex.com\/it\/informativa-privacy\/\" target=\"_blank\" rel=\"noopener\"><strong>Informativa sulla Privacy<\/strong><\/a><span style=\"font-weight: 400;\"> per maggiori dettagli su come gestiamo e proteggiamo i tuoi dati personali.<\/span><\/p>\n<h3><b>Cosa sono i Cookie?<\/b><\/h3>\n<p><span style=\"font-weight: 400;\">I \u2018<\/span><b>cookie<\/b><span style=\"font-weight: 400;\">\u2019 sono piccoli file di testo che vengono memorizzati dal browser Internet sul tuo computer o dispositivo mobile. Rendono l&#8217;interazione tra l\u2019utente e il sito web pi\u00f9 veloce, pi\u00f9 facile e pi\u00f9 piacevole.<\/span><\/p>\n<p><span style=\"font-weight: 400;\">Con il tuo consenso, ci permettono anche di ottimizzare la funzionalit\u00e0 del nostro sito web fornendoci informazioni anonime a fini statistici.<\/span><\/p>\n<p><span style=\"font-weight: 400;\">Esistono diversi tipi di &#8220;<\/span><b>cookie<\/b><span style=\"font-weight: 400;\">&#8220;. Alcuni provengono direttamente dal nostro sito web, mentre altri sono inseriti da terze parti sul nostro sito. I cookie di terze parti servono a due scopi: raccogliere dati per nostro conto (ad esempio, <\/span><b>Google Analytics<\/b><span style=\"font-weight: 400;\">) o raccogliere dati per i propri scopi (ad esempio, cookie di <\/span><b>YouTube<\/b><span style=\"font-weight: 400;\"> o altri social media).<\/span><\/p>\n<p><span style=\"font-weight: 400;\"> <\/span><\/p>\n<h3><b>Tipi di cookies e loro utilizzo sul nostro sito<\/b><\/h3>\n<p><span style=\"font-weight: 400;\">I cookie possono essere memorizzati sul tuo browser web o dispositivo (desktop, tablet o mobile) con durata diversa. I <\/span><b>cookie di sessione <\/b><span style=\"font-weight: 400;\">vengono rimossi dal tuo computer o dispositivo quando chiudi il browser web. I <\/span><b>cookie persistenti<\/b><span style=\"font-weight: 400;\">, invece, rimangono memorizzati sul tuo computer o dispositivo fino a quando non vengono eliminati manualmente o raggiungono la data di scadenza.<\/span><\/p>\n<p><span style=\"font-weight: 400;\">Il nostro sito web utilizza cookie che abbiamo suddiviso in 3 categorie principali:<\/span><\/p>\n<p><span style=\"font-weight: 400;\"> <\/span><\/p>\n<p><span style=\"color: var(--awb-text-color); font-size: var(--awb-font-size); font-style: var(--awb-text-font-style); letter-spacing: var(--awb-letter-spacing); text-align: var(--awb-content-alignment); text-transform: var(--awb-text-transform);\">1.  <\/span><b style=\"color: var(--awb-text-color); font-size: var(--awb-font-size); font-style: var(--awb-text-font-style); letter-spacing: var(--awb-letter-spacing); text-align: var(--awb-content-alignment); text-transform: var(--awb-text-transform);\">Cookie tecnici &#8211; Strettamente necessari<\/b><\/p>\n<p><span style=\"font-weight: 400;\">I nostri cookie tecnici sono essenziali per le funzionalit\u00e0 di base del sito web come la sicurezza, la gestione della rete e l&#8217;accessibilit\u00e0. Come <\/span><b>cookie strettamente necessari<\/b><span style=\"font-weight: 400;\">, non richiedono il tuo consenso e sono essenziali per il corretto funzionamento del sito web.<\/span><\/p>\n<ul>\n<li style=\"font-weight: 400;\" aria-level=\"1\"><span style=\"font-weight: 400;\">Google reCAPTCHA (protezione dallo spam)<\/span><\/li>\n<li style=\"font-weight: 400;\" aria-level=\"1\"><span style=\"font-weight: 400;\">Google Fonts (incorpora i font utilizzati dal nostro sito web)<\/span><\/li>\n<li style=\"font-weight: 400;\" aria-level=\"1\"><span style=\"font-weight: 400;\">WPML (imposta la lingua appropriata)<\/span><\/li>\n<li style=\"font-weight: 400;\" aria-level=\"1\"><span style=\"font-weight: 400;\">Complianz (visualizza la pagina appropriata per il tuo dispositivo)<\/span><\/li>\n<\/ul>\n<p><b><i>Tieni presente che questi cookie non possono essere disabilitati tramite il banner delle impostazioni dei cookie.<\/i><\/b><\/p>\n<p><i><span style=\"font-weight: 400;\">Tuttavia, puoi disabilitare questi cookie nelle impostazioni del tuo browser. Tieni presente che la disattivazione di questi cookie essenziali potrebbe influire sulle prestazioni del nostro sito web. Per istruzioni su come disabilitare i cookie, consulta il centro assistenza del tuo browser. Di seguito trovi un elenco su come gestire i cookie nei browser pi\u00f9 popolari.<\/span><\/i><\/p>\n<p><span style=\"font-weight: 400;\">Questi cookie non essenziali forniscono informazioni su come utilizzi il nostro sito web e ci aiutano a migliorarlo. Ad esempio, raccolgono dati sul numero di visitatori nelle varie parti del sito e ci aiutano ad analizzare e comprendere come viene utilizzato il nostro sito web, aiutandoci a migliorare la funzionalit\u00e0 e l&#8217;usabilit\u00e0 del sito. Comprendendo come utilizzi il nostro sito web, possiamo individuare e risolvere eventuali problemi monitorando le prestazioni del nostro sito web.<\/span><\/p>\n<p><span style=\"font-weight: 400;\">2.  <\/span><b style=\"color: var(--awb-text-color); font-size: var(--awb-font-size); font-style: var(--awb-text-font-style); letter-spacing: var(--awb-letter-spacing); text-align: var(--awb-content-alignment); text-transform: var(--awb-text-transform);\">Cookie analitici &#8211; cookie di terze parti<\/b><\/p>\n<p><span style=\"font-weight: 400;\">Questi cookie non essenziali forniscono informazioni su come utilizzi il nostro sito web e ci aiutano a migliorarlo. Ad esempio, raccolgono dati sul numero di visitatori nelle varie parti del sito e ci aiutano ad analizzare e comprendere come viene utilizzato il nostro sito web, contribuendo cos\u00ec a migliorare la funzionalit\u00e0 e l&#8217;usabilit\u00e0 del sito. Comprendendo come utilizzi il nostro sito web, possiamo individuare e risolvere eventuali problemi monitorando le prestazioni del nostro sito web.<\/span><\/p>\n<p><span style=\"font-weight: 400;\">A tale scopo, il nostro sito web utilizza <\/span><b>Google Analytics.<\/b><\/p>\n<p><b><i>I cookie di analisi possono essere disabilitati tramite il banner delle impostazioni dei cookie.<\/i><\/b><\/p>\n<p><span style=\"font-weight: 400;\"> <\/span><\/p>\n<p><span style=\"color: var(--awb-text-color); font-size: var(--awb-font-size); font-style: var(--awb-text-font-style); letter-spacing: var(--awb-letter-spacing); text-align: var(--awb-content-alignment); text-transform: var(--awb-text-transform);\">3.  <\/span><b style=\"color: var(--awb-text-color); font-size: var(--awb-font-size); font-style: var(--awb-text-font-style); letter-spacing: var(--awb-letter-spacing); text-align: var(--awb-content-alignment); text-transform: var(--awb-text-transform);\">Cookie di marketing &#8211; cookie di terze parti <\/b><\/p>\n<p><span style=\"font-weight: 400;\">Il nostro sito web incorpora contenuti dai nostri canali e account ufficiali dei <\/span><b>social media<\/b><span style=\"font-weight: 400;\"> (YouTube, Facebook, Instagram, Pinterest&#8230;), migliorando l&#8217;esperienza dell&#8217;utente senza compromettere la velocit\u00e0 di navigazione.<\/span><\/p>\n<p><span style=\"font-weight: 400;\">Quando fai clic su uno di questi pulsanti, le piattaforme dei <\/span><b>social media<\/b><span style=\"font-weight: 400;\"> possono utilizzare <\/span><b>cookie di terze parti<\/b><span style=\"font-weight: 400;\">, che abilitano la riproduzione di video e raccolgono dati analitici sull&#8217;interazione degli spettatori per scopi di marketing propri.<\/span><\/p>\n<p><span style=\"font-weight: 400;\">Queste piattaforme possono impostare i propri cookie sul tuo dispositivo. Non controlliamo le impostazioni di questi cookie, quindi ti consigliamo di consultare il sito web dei social media per ulteriori informazioni sui loro cookie e su come gestirli.<\/span><\/p>\n<p><b><i>I cookie di terze parti possono essere disabilitati tramite il banner delle impostazioni dei cookie.<\/i><\/b><\/p>\n<\/p>\n<h3><b>Come modificare le impostazioni dei cookie sul mio browser?<\/b><\/h3>\n<p><span style=\"font-weight: 400;\">La maggior parte dei browser memorizza i cookie per impostazione predefinita, ma l&#8217;utente pu\u00f2 controllare la gestione dei cookie attraverso le impostazioni del browser. Per scoprire come gestire i cookie, visita il centro preferenze sulla privacy del tuo browser web:<\/span><\/p>\n<ul>\n<li style=\"font-weight: 400;\" aria-level=\"1\"><span style=\"font-weight: 400;\">Google Chrome:<\/span><a href=\"https:\/\/support.google.com\/chrome\/answer\/95647?hl=it\" target=\"_blank\" rel=\"noopener\"> <span style=\"font-weight: 400;\">https:\/\/support.google.com\/chrome\/answer\/95647?hl=it<\/span><\/a><\/li>\n<li style=\"font-weight: 400;\" aria-level=\"1\"><span style=\"font-weight: 400;\">Apple Safari:<\/span><a href=\"https:\/\/support.apple.com\/it-it\/HT201265\" target=\"_blank\" rel=\"noopener\"> <span style=\"font-weight: 400;\">https:\/\/support.apple.com\/it-it\/HT201265<\/span><\/a><\/li>\n<li style=\"font-weight: 400;\" aria-level=\"1\"><span style=\"font-weight: 400;\">Mozilla Firefox:<\/span><a href=\"https:\/\/support.mozilla.org\/it\/kb\/cookie-informazioni-siti-web-salvano-sul-tuo-computer\" target=\"_blank\" rel=\"noopener\"> <span style=\"font-weight: 400;\">https:\/\/support.mozilla.org\/it\/kb\/cookie-informazioni-siti-web-salvano-sul-tuo-computer<\/span><\/a><\/li>\n<li style=\"font-weight: 400;\" aria-level=\"1\"><span style=\"font-weight: 400;\">Internet Explorer:<\/span><a href=\"https:\/\/support.microsoft.com\/it-it\/topic\/eliminare-e-gestire-i-cookie-168dab11-0753-043d-7c16-ede5947fc64d\" target=\"_blank\" rel=\"noopener\"> <span style=\"font-weight: 400;\">https:\/\/support.microsoft.com\/it-it\/topic\/eliminare-e-gestire-i-cookie-168dab11-0753-043d-7c16-ede5947fc64d<\/span><\/a><\/li>\n<li style=\"font-weight: 400;\" aria-level=\"1\"><span style=\"font-weight: 400;\">Opera:<\/span><a href=\"https:\/\/help.opera.com\/Windows\/10.00\/it\/cookies.html\" target=\"_blank\" rel=\"noopener\"><span style=\"font-weight: 400;\"> https:\/\/help.opera.com\/Windows\/10.00\/it\/cookies.html<\/span><\/a><\/li>\n<\/ul>\n<p><span style=\"font-weight: 400;\">Bloccare i cookie potrebbe impedire a questo sito web di essere visualizzato correttamente.<\/span><\/p>\n<p><span style=\"font-weight: 400;\">Per saperne di pi\u00f9 sui cookie, inclusa la modalit\u00e0 per visualizzare i cookie impostati, visita<\/span><a href=\"http:\/\/www.aboutcookies.org\/\" target=\"_blank\" rel=\"noopener\"> <span style=\"font-weight: 400;\">www.aboutcookies.org<\/span><\/a><\/p>\n<\/div><\/div><\/div><\/div><\/div>\n","protected":false},"excerpt":{"rendered":"","protected":false},"author":4,"featured_media":0,"parent":0,"menu_order":0,"comment_status":"closed","ping_status":"closed","template":"","meta":{"footnotes":""},"class_list":["post-51422","page","type-page","status-publish","hentry"],"_links":{"self":[{"href":"https:\/\/www.metaltex.com\/it\/wp-json\/wp\/v2\/pages\/51422","targetHints":{"allow":["GET"]}}],"collection":[{"href":"https:\/\/www.metaltex.com\/it\/wp-json\/wp\/v2\/pages"}],"about":[{"href":"https:\/\/www.metaltex.com\/it\/wp-json\/wp\/v2\/types\/page"}],"author":[{"embeddable":true,"href":"https:\/\/www.metaltex.com\/it\/wp-json\/wp\/v2\/users\/4"}],"replies":[{"embeddable":true,"href":"https:\/\/www.metaltex.com\/it\/wp-json\/wp\/v2\/comments?post=51422"}],"version-history":[{"count":0,"href":"https:\/\/www.metaltex.com\/it\/wp-json\/wp\/v2\/pages\/51422\/revisions"}],"wp:attachment":[{"href":"https:\/\/www.metaltex.com\/it\/wp-json\/wp\/v2\/media?parent=51422"}],"curies":[{"name":"wp","href":"https:\/\/api.w.org\/{rel}","templated":true}]}}