{"id":55752,"date":"2023-06-01T11:36:13","date_gmt":"2023-06-01T09:36:13","guid":{"rendered":"https:\/\/www.metaltex.com\/cookie-policy\/"},"modified":"2023-07-17T16:29:04","modified_gmt":"2023-07-17T14:29:04","slug":"cookie","status":"publish","type":"page","link":"https:\/\/www.metaltex.com\/fr\/cookie\/","title":{"rendered":"COOKIE POLITIQUE"},"content":{"rendered":"<div id=\"privacypage\">\n<h1 class=\"title-page\">Politique en mati\u00e8re de cookies<\/h1>\n<p><em>Derni\u00e8re mise \u00e0 jour : 1er juin 2023<\/em><\/p>\n<p>Sur cette page, nous visons \u00e0 fournir une explication compl\u00e8te et claire de ce que sont les cookies et de la fa\u00e7on dont ils sont utilis\u00e9s sur notre site. Veuillez consulter <a href=\"https:\/\/www.metaltex.com\/fr\/politique-de-confidentialite\/\" target=\"_blank\" rel=\"noopener\"><u>politique de confidentialit\u00e9<\/u><\/a> pour plus de d\u00e9tails sur la fa\u00e7on dont nous traitons et prot\u00e9geons vos donn\u00e9es personnelles.<\/p>\n<h3><strong>Que sont les cookies ?<\/strong><\/h3>\n<p>Les \u2018<strong>Cookies<\/strong>\u2019 sont de petits fichiers texte stock\u00e9s par le navigateur Internet sur votre ordinateur ou votre appareil mobile. Ils rendent l&rsquo;interaction entre les utilisateurs et les sites web plus rapide, plus facile et plus agr\u00e9able.<br \/>\nAvec votre consentement, ils nous permettent \u00e9galement d&rsquo;optimiser la fonctionnalit\u00e9 de notre site web en nous fournissant des informations analytiques anonymes \u00e0 des fins statistiques.<\/p>\n<p>Il existe diff\u00e9rents types de \u2018<strong>Cookies<\/strong>\u2019. Certains cookies proviennent directement de notre site web, tandis que d&rsquo;autres sont plac\u00e9s par des tiers sur notre site. Les cookies de tiers ont deux objectifs : collecter des donn\u00e9es en notre nom (par exemple, <strong>Google Analytics<\/strong>) ou collecter des donn\u00e9es \u00e0 leurs propres fins (par exemple, <strong>YouTube<\/strong> ou d&rsquo;autres cookies de m\u00e9dias sociaux).<\/p>\n<p>&nbsp;<\/p>\n<h3><strong>Types de cookies et leur utilisation sur notre site web<\/strong><\/h3>\n<p>Les cookies peuvent \u00eatre stock\u00e9s sur votre navigateur web ou votre appareil (ordinateur de bureau, tablette ou mobile) pour diff\u00e9rentes dur\u00e9es. <strong>Les cookies de session<\/strong> sont supprim\u00e9s de votre ordinateur ou de votre appareil lorsque vous fermez votre navigateur web. <strong>Les cookies persistants<\/strong>, quant \u00e0 eux, restent stock\u00e9s sur votre ordinateur ou appareil jusqu&rsquo;\u00e0 ce qu&rsquo;ils soient supprim\u00e9s manuellement ou qu&rsquo;ils atteignent leur date d&rsquo;expiration.<\/p>\n<p>Notre site Web utilise des cookies que nous avons class\u00e9s en trois cat\u00e9gories principales :<\/p>\n<p>&nbsp;<\/p>\n<ol start=\"1\">\n<li>\n<h3><strong><strong> Cookies techniques &#8211; Strictement n\u00e9cessaires<\/strong><\/strong><\/h3>\n<\/li>\n<\/ol>\n<p>Nos cookies techniques sont essentiels pour les fonctionnalit\u00e9s de base du site web, telles que la s\u00e9curit\u00e9, la gestion du r\u00e9seau et l&rsquo;accessibilit\u00e9. En tant que cookies strictement n\u00e9cessaires, ils ne requi\u00e8rent pas votre consentement et sont essentiels au bon fonctionnement du site web.<\/p>\n<ul>\n<li>Google reCAPTCHA (protection contre le spam)<\/li>\n<li>Google Fonts (incorporation des polices utilis\u00e9es par notre site web)<\/li>\n<li>WPML (d\u00e9finit la langue appropri\u00e9e)<\/li>\n<li>Complianz (affichage de la page appropri\u00e9e pour votre appareil)<\/li>\n<\/ul>\n<p><strong><em>Veuillez noter que ces cookies ne peuvent pas \u00eatre d\u00e9sactiv\u00e9s via la banni\u00e8re de configuration des cookies.<\/em><\/strong><\/p>\n<p><em>Cependant, vous pouvez d\u00e9sactiver ces cookies dans les param\u00e8tres de votre navigateur. Gardez \u00e0 l&rsquo;esprit que la d\u00e9sactivation de ces cookies essentiels peut affecter les performances de notre site web. Pour savoir comment d\u00e9sactiver les cookies, consultez le centre d&rsquo;aide de votre navigateur. Vous trouverez ci-dessous une liste de gestion des cookies dans les navigateurs les plus courants.<\/em><\/p>\n<p>Ces cookies non essentiels fournissent des informations sur la mani\u00e8re dont vous utilisez notre site web et nous aident \u00e0 l&rsquo;am\u00e9liorer. Par exemple, ils recueillent des donn\u00e9es sur le nombre de visiteurs des diff\u00e9rentes parties du site et nous aident \u00e0 analyser et \u00e0 comprendre comment notre site est utilis\u00e9, ce qui nous permet d&rsquo;en am\u00e9liorer la fonctionnalit\u00e9 et la convivialit\u00e9. En comprenant comment vous utilisez notre site web, nous pouvons identifier et r\u00e9soudre les probl\u00e8mes \u00e9ventuels tout en surveillant les performances de notre propre site web.<\/p>\n<p>&nbsp;<\/p>\n<ol start=\"2\">\n<li>\n<h3><strong><strong> Cookies analytiques &#8211; Cookies tiers<\/strong><\/strong><\/h3>\n<\/li>\n<\/ol>\n<p>Ces cookies non essentiels fournissent des informations sur la mani\u00e8re dont vous utilisez notre site web et nous aident \u00e0 l&rsquo;am\u00e9liorer. Par exemple, ils recueillent des donn\u00e9es sur le nombre de visiteurs dans les diff\u00e9rentes parties du site et nous aident \u00e0 analyser et \u00e0 comprendre comment notre site est utilis\u00e9, ce qui nous permet d&rsquo;en am\u00e9liorer la fonctionnalit\u00e9 et la convivialit\u00e9. En comprenant comment vous utilisez notre site web, nous pouvons identifier et traiter les probl\u00e8mes \u00e9ventuels tout en surveillant les performances de notre propre site web.<\/p>\n<p>\u00c0 cette fin, notre site web utilise\u00a0<strong>Google Analytics.<\/strong><\/p>\n<p><strong><em>Les cookies analytiques peuvent \u00eatre d\u00e9sactiv\u00e9s via la banni\u00e8re Param\u00e8tres des cookies.<\/em><\/strong><\/p>\n<p>&nbsp;<\/p>\n<ol start=\"3\">\n<li>\n<h3><strong><strong> Cookies marketing &#8211; Cookies de tiers<\/strong><\/strong><\/h3>\n<\/li>\n<\/ol>\n<p>Notre site web int\u00e8gre des contenus provenant de nos canaux et comptes officiels de\u00a0<strong>m\u00e9dias sociaux <\/strong>\u00a0(YouTube, Facebook, Instagram, Pinterest\u2026), am\u00e9liorant ainsi l&rsquo;exp\u00e9rience utilisateur sans compromettre la vitesse de navigation.<\/p>\n<p>Lorsque vous cliquez sur l&rsquo;un de ces boutons, les plateformes de M\u00e9dias sociaux peuvent utiliser des cookies tiers, qui permettent la lecture de vid\u00e9os, la collecte de donn\u00e9es analytiques sur l&rsquo;engagement des spectateurs pour servir leurs propres objectifs marketing.<\/p>\n<p>Ces plateformes peuvent installer leurs propres cookies sur votre appareil. Nous ne contr\u00f4lons pas les param\u00e8tres de ces cookies, et nous vous recommandons donc de consulter le site web des m\u00e9dias sociaux pour obtenir de plus amples informations sur leurs cookies et sur la mani\u00e8re de les g\u00e9rer.<\/p>\n<p><strong><em>Les cookies tiers peuvent \u00eatre d\u00e9sactiv\u00e9s via la banni\u00e8re Param\u00e8tres des cookies.<\/em><\/strong><\/p>\n<div id=\"privacypage\">\n<p>&nbsp;<\/p>\n<h3><strong>Comment puis-je modifier les param\u00e8tres de mon navigateur en mati\u00e8re de cookies ?<\/strong><\/h3>\n<p>La plupart des navigateurs stockent des cookies par d\u00e9faut, mais l&rsquo;utilisateur peut contr\u00f4ler la plupart des cookies par le biais des param\u00e8tres du navigateur. Pour savoir comment g\u00e9rer vos cookies, veuillez consulter le centre de pr\u00e9f\u00e9rences de confidentialit\u00e9 de votre navigateur web :<\/p>\n<ul>\n<li>Google Chrome:\u00a0<a href=\"https:\/\/support.google.com\/chrome\/answer\/95647?hl=en-GB\" target=\"_blank\" rel=\"noopener\">https:\/\/support.google.com\/chrome\/answer\/95647?hl=en-GB<\/a><\/li>\n<li>Apple Safari:\u00a0<a href=\"https:\/\/support.apple.com\/en-us\/HT201265\" target=\"_blank\" rel=\"noopener\">https:\/\/support.apple.com\/en-us\/HT201265<\/a><\/li>\n<li>Mozilla Firefox:\u00a0<a href=\"https:\/\/support.mozilla.org\/en-US\/kb\/cookies-information-websites-store-on-your-computer\" target=\"_blank\" rel=\"noopener\">https:\/\/support.mozilla.org\/en-US\/kb\/cookies-information-websites-store-on-your-computer<\/a><\/li>\n<li>Internet Explorer:\u00a0<a href=\"https:\/\/windows.microsoft.com\/en-us\/internet-explorer\/delete-manage-cookies#ie=ie-11\" target=\"_blank\" rel=\"noopener\">https:\/\/windows.microsoft.com\/en-us\/internet-explorer\/delete-manage-cookies#ie=ie-11<\/a><\/li>\n<li>Opera:\u00a0<a href=\"https:\/\/help.opera.com\/Windows\/10.00\/en\/cookies.html\" target=\"_blank\" rel=\"noopener\">https:\/\/help.opera.com\/Windows\/10.00\/en\/cookies.html<\/a><\/li>\n<\/ul>\n<p>Le blocage des cookies peut emp\u00eacher ce site web de s&rsquo;afficher correctement.<\/p>\n<p>Pour en savoir plus sur les cookies, y compris sur la mani\u00e8re de voir quels cookies ont \u00e9t\u00e9 install\u00e9s, visitez le site <u><a href=\"http:\/\/www.aboutcookies.org\/\" target=\"_blank\" rel=\"noopener\">www.aboutcookies.org<\/a><\/u><\/p>\n<div class=\"text-content\"><\/div>\n<\/div>\n<\/div>\n","protected":false},"excerpt":{"rendered":"<p>Politique en mati\u00e8re de cookies Derni\u00e8re mise \u00e0 jour : 1er juin 2023 Sur cette page, nous visons \u00e0 fournir une explication compl\u00e8te et claire de ce que sont les cookies et de la fa\u00e7on  [&#8230;]<\/p>\n","protected":false},"author":1,"featured_media":0,"parent":0,"menu_order":0,"comment_status":"closed","ping_status":"closed","template":"","meta":{"footnotes":""},"class_list":["post-55752","page","type-page","status-publish","hentry"],"_links":{"self":[{"href":"https:\/\/www.metaltex.com\/fr\/wp-json\/wp\/v2\/pages\/55752","targetHints":{"allow":["GET"]}}],"collection":[{"href":"https:\/\/www.metaltex.com\/fr\/wp-json\/wp\/v2\/pages"}],"about":[{"href":"https:\/\/www.metaltex.com\/fr\/wp-json\/wp\/v2\/types\/page"}],"author":[{"embeddable":true,"href":"https:\/\/www.metaltex.com\/fr\/wp-json\/wp\/v2\/users\/1"}],"replies":[{"embeddable":true,"href":"https:\/\/www.metaltex.com\/fr\/wp-json\/wp\/v2\/comments?post=55752"}],"version-history":[{"count":0,"href":"https:\/\/www.metaltex.com\/fr\/wp-json\/wp\/v2\/pages\/55752\/revisions"}],"wp:attachment":[{"href":"https:\/\/www.metaltex.com\/fr\/wp-json\/wp\/v2\/media?parent=55752"}],"curies":[{"name":"wp","href":"https:\/\/api.w.org\/{rel}","templated":true}]}}