{"id":66230,"date":"2025-07-03T11:33:41","date_gmt":"2025-07-03T09:33:41","guid":{"rendered":"https:\/\/www.metaltex.com\/?page_id=66230"},"modified":"2025-07-03T13:39:58","modified_gmt":"2025-07-03T11:39:58","slug":"accesibilidad","status":"publish","type":"page","link":"https:\/\/www.metaltex.com\/es\/accesibilidad\/","title":{"rendered":"ACCESIBILIDAD"},"content":{"rendered":"<div class=\"fusion-fullwidth fullwidth-box fusion-builder-row-1 fusion-flex-container nonhundred-percent-fullwidth non-hundred-percent-height-scrolling\" style=\"--awb-border-radius-top-left:0px;--awb-border-radius-top-right:0px;--awb-border-radius-bottom-right:0px;--awb-border-radius-bottom-left:0px;--awb-flex-wrap:wrap;\" ><div class=\"fusion-builder-row fusion-row fusion-flex-align-items-flex-start fusion-flex-content-wrap\" style=\"max-width:1352px;margin-left: calc(-4% \/ 2 );margin-right: calc(-4% \/ 2 );\"><div class=\"fusion-layout-column fusion_builder_column fusion-builder-column-0 fusion_builder_column_1_1 1_1 fusion-flex-column\" style=\"--awb-bg-size:cover;--awb-width-large:100%;--awb-margin-top-large:0px;--awb-spacing-right-large:1.92%;--awb-margin-bottom-large:0px;--awb-spacing-left-large:1.92%;--awb-width-medium:100%;--awb-spacing-right-medium:1.92%;--awb-spacing-left-medium:1.92%;--awb-width-small:100%;--awb-spacing-right-small:1.92%;--awb-spacing-left-small:1.92%;\"><div class=\"fusion-column-wrapper fusion-flex-justify-content-flex-start fusion-content-layout-column\"><div class=\"fusion-text fusion-text-1\"><\/div><div class=\"fusion-text fusion-text-2\"><h2><strong>Declaraci\u00f3n de accesibilidad digital<\/strong><\/h2>\n<p>Metaltex SA se compromete a garantizar que su sitio web sea accesible y utilizable por el mayor n\u00famero posible de usuarios, incluidas las personas con discapacidad.<br \/>\nNuestro sitio web, gestionado desde la sede central en Suiza, est\u00e1 destinado principalmente a un p\u00fablico profesional (B2B), pero reconocemos la importancia de una experiencia digital inclusiva y accesible para todos.<\/p>\n<p>Esta declaraci\u00f3n de accesibilidad se aplica a <a href=\"https:\/\/www.metaltex.com\/es\/\">https:\/\/www.metaltex.com<\/a> y a nuestra plataforma de productos <a href=\"https:\/\/world.metaltex.com\">https:\/\/world.metaltex.com<\/a>.<\/p>\n<h3><strong>Contexto normativo<\/strong><\/h3>\n<p>Actualmente, la legislaci\u00f3n suiza no establece obligaciones expl\u00edcitas en materia de accesibilidad digital para sitios web de empresas privadas. Sin embargo, conscientes de la evoluci\u00f3n normativa europea y del impacto de la Directiva (UE) 2019\/882 \u2013 Acta Europea de Accesibilidad, nos comprometemos voluntariamente a adecuarnos progresivamente a los principios de accesibilidad reconocidos internacionalmente.<\/p>\n<p>Este compromiso tambi\u00e9n est\u00e1 motivado por la fuerte presencia del grupo Metaltex en los mercados europeos, donde muchos clientes y socios se encuentran en pa\u00edses donde el cumplimiento de la normativa EAA ser\u00e1 obligatorio a partir del 28 de junio de 2025.<\/p>\n<p>Las actividades de adecuaci\u00f3n en curso se basan principalmente en las medidas t\u00e9cnicas establecidas en la norma europea EN 301 549, que a su vez se fundamentan en las Pautas de Accesibilidad para el Contenido Web (WCAG) versi\u00f3n 2.2, niveles de conformidad A y AA.<\/p>\n<p><strong>Medidas previstas:<\/strong><\/p>\n<ul>\n<li>Inserci\u00f3n progresiva de textos alternativos (alt text) para las im\u00e1genes<\/li>\n<li>Verificaci\u00f3n del contraste de color y legibilidad de los contenidos<\/li>\n<li>Estructuraci\u00f3n correcta de los encabezados para una navegaci\u00f3n coherente<\/li>\n<li>Mejora de la compatibilidad con lectores de pantalla y navegaci\u00f3n con teclado<\/li>\n<\/ul>\n<h3><strong>Estado de conformidad<\/strong><\/h3>\n<p>El sitio web est\u00e1 actualmente en fase de adaptaci\u00f3n. Nuestros desarrolladores est\u00e1n implementando actualizaciones t\u00e9cnicas progresivas para mejorar la accesibilidad general del sitio y fomentar un uso m\u00e1s inclusivo.<\/p>\n<p><strong>Mejora continua<\/strong><br \/>\nSomos conscientes de que la accesibilidad digital es un proceso en constante evoluci\u00f3n. Por ello, nos comprometemos a monitorizar y mejorar constantemente nuestro sitio, en l\u00ednea con los desarrollos normativos, tecnol\u00f3gicos y las necesidades de los usuarios. Cada nueva funcionalidad o actualizaci\u00f3n del sitio ser\u00e1 evaluada tambi\u00e9n desde la perspectiva de la accesibilidad.<\/p>\n<p><strong>Limitaciones actuales<\/strong><br \/>\nA pesar de nuestro compromiso, es posible que algunas secciones del sitio a\u00fan no cumplan totalmente con las normas WCAG. Estamos trabajando para identificar y corregir cualquier problema t\u00e9cnico o estructural que pueda limitar el acceso a ciertos contenidos.<\/p>\n<h3><strong>Comentarios y contactos<\/strong><\/h3>\n<p>Agradecemos cualquier sugerencia o informe que nos pueda ayudar a mejorar la accesibilidad de nuestros contenidos digitales.<br \/>\nCorreo electr\u00f3nico: <a href=\"mailto:info@metaltex.com\">info@metaltex.com<\/a><br \/>\nAsunto: Accesibilidad del sitio web<\/p>\n<p>Por favor, incluya en el correo:<\/p>\n<ul>\n<li>Nombre y apellidos<\/li>\n<li>Direcci\u00f3n de correo electr\u00f3nico<\/li>\n<li>URL de la p\u00e1gina web o secci\u00f3n de la plataforma afectada<\/li>\n<li>Descripci\u00f3n clara y concisa del problema encontrado<\/li>\n<li>Herramientas utilizadas (sistema operativo, navegador, tecnolog\u00edas de asistencia)<\/li>\n<\/ul>\n<p>Direcci\u00f3n postal:<br \/>\nMetaltex SA \u2013 Via Pra Vicc 2, 6852 Genestrerio, Suiza<\/p>\n<h3><strong>Elaboraci\u00f3n de la declaraci\u00f3n<\/strong><\/h3>\n<p>Esta declaraci\u00f3n fue elaborada el 25 de junio de 2025.<br \/>\nSe actualizar\u00e1 peri\u00f3dicamente de acuerdo con la evoluci\u00f3n normativa y t\u00e9cnica.<\/p>\n<\/div><\/div><\/div><\/div><\/div>\n","protected":false},"excerpt":{"rendered":"","protected":false},"author":1,"featured_media":0,"parent":0,"menu_order":0,"comment_status":"closed","ping_status":"closed","template":"","meta":{"footnotes":""},"class_list":["post-66230","page","type-page","status-publish","hentry"],"_links":{"self":[{"href":"https:\/\/www.metaltex.com\/es\/wp-json\/wp\/v2\/pages\/66230","targetHints":{"allow":["GET"]}}],"collection":[{"href":"https:\/\/www.metaltex.com\/es\/wp-json\/wp\/v2\/pages"}],"about":[{"href":"https:\/\/www.metaltex.com\/es\/wp-json\/wp\/v2\/types\/page"}],"author":[{"embeddable":true,"href":"https:\/\/www.metaltex.com\/es\/wp-json\/wp\/v2\/users\/1"}],"replies":[{"embeddable":true,"href":"https:\/\/www.metaltex.com\/es\/wp-json\/wp\/v2\/comments?post=66230"}],"version-history":[{"count":4,"href":"https:\/\/www.metaltex.com\/es\/wp-json\/wp\/v2\/pages\/66230\/revisions"}],"predecessor-version":[{"id":66259,"href":"https:\/\/www.metaltex.com\/es\/wp-json\/wp\/v2\/pages\/66230\/revisions\/66259"}],"wp:attachment":[{"href":"https:\/\/www.metaltex.com\/es\/wp-json\/wp\/v2\/media?parent=66230"}],"curies":[{"name":"wp","href":"https:\/\/api.w.org\/{rel}","templated":true}]}}