{"id":57144,"date":"2021-07-01T08:55:37","date_gmt":"2021-07-01T06:55:37","guid":{"rendered":"https:\/\/www.metaltex.com\/privacy-policy\/"},"modified":"2023-08-28T11:21:34","modified_gmt":"2023-08-28T09:21:34","slug":"politica-de-privacidad","status":"publish","type":"page","link":"https:\/\/www.metaltex.com\/es\/politica-de-privacidad\/","title":{"rendered":"POLITICA DE PRIVACIDAD"},"content":{"rendered":"<div id=\"privacypage\">\n<h2 class=\"h2-page\"><strong>C\u00f3digo de Protecci\u00f3n de Datos Personales en virtud del art. 13 del Reglamento N\u00b0 679\/2016 RGPD.<\/strong><\/h2>\n<h3><strong>Controlador<\/strong><\/h3>\n<p><strong>METALTEX SA<\/strong><br \/>\nvia Pra Vicc 2<br \/>\nCH-6852 Genestrerio<br \/>\nSuiza<\/p>\n<h3><strong>Delegado de Protecci\u00f3n de Datos (DPO)<\/strong><\/h3>\n<p>El Delegado de Protecci\u00f3n de Datos (DPO), que ha sido designado para recibir las solicitudes de los interesados para ejercer sus derechos, es la Lic. Barbara Anzani in Erba, a quien se puede contactar por correo electr\u00f3nico: DPO-GDPR@metaltex.com.<\/p>\n<h3><strong>Informaci\u00f3n general sobre el tratamiento de datos<\/strong><\/h3>\n<p><strong>1. Alcance del procesamiento de datos personales<\/strong><br \/>\nEn general, procesamos los datos personales de nuestros usuarios solo en la medida necesaria para proporcionar un sitio web funcional y garantizar nuestro contenido y servicios. Los datos personales de nuestros usuarios se procesan debidamente solo despu\u00e9s de obtener su consentimiento, a menos que el consentimiento previo no pueda obtenerse por razones de hecho y el procesamiento de datos est\u00e9 autorizado por la ley.<\/p>\n<p><strong>2. Borrado de datos y plazo de conservaci\u00f3n<\/strong><br \/>\nLos datos personales se borran o bloquean cuando ya no se cumple la finalidad para la que se almacenaron. Asimismo, podr\u00e1n ser almacenados cuando as\u00ed lo establezcan las normas, leyes u otras disposiciones de la Uni\u00f3n Europea que sean de aplicaci\u00f3n al responsable del tratamiento, europeas o nacionales. Adem\u00e1s, los datos son bloqueados o borrados al final del per\u00edodo de almacenamiento establecido por dichas disposiciones, a menos que necesiten ser almacenados adicionalmente para celebrar o ejecutar un contrato.<\/p>\n<h3><strong>Suministro de datos al sitio web y creaci\u00f3n de archivos de registro<\/strong><\/h3>\n<p><strong>1. Descripci\u00f3n y alcance del procesamiento de datos por parte del proveedor<\/strong><br \/>\nCuando el usuario visita nuestro sitio web, el sistema recopila autom\u00e1ticamente datos e informaci\u00f3n del sistema inform\u00e1tico de la computadora del usuario.<br \/>\nSe recogen los siguientes datos:<\/p>\n<ul>\n<li>informaci\u00f3n sobre el tipo de navegador y su versi\u00f3n<\/li>\n<li>el sistema operativo del usuario<\/li>\n<li>la direcci\u00f3n IP del usuario<\/li>\n<li>fecha y hora de acceso<\/li>\n<li>sitios web desde los que el usuario visita nuestro sitio web<\/li>\n<li>p\u00e1ginas visitadas, consumo de ancho de banda y fecha de la \u00faltima visita<\/li>\n<li>n\u00famero de descargas relativas a cada documento que se puede descargar del sitio web<\/li>\n<\/ul>\n<p><strong>2. Base legal para el procesamiento de datos<\/strong><br \/>\nLa base legal para el almacenamiento provisional de datos y archivos de registro est\u00e1 representada por el punto f) del Art\u00edculo 6 (1) GDPR.<\/p>\n<p><strong>3. Finalidades del tratamiento de datos<\/strong><br \/>\nEl almacenamiento temporal de nuestro sistema de la direcci\u00f3n IP del usuario es necesario para garantizar que la computadora del usuario pueda tener acceso a nuestro sitio web. Por este motivo, la direcci\u00f3n IP del usuario se guardar\u00e1 durante toda la sesi\u00f3n. Los datos personales se guardan en archivos de registro para garantizar el funcionamiento del sitio web. Adem\u00e1s, estos datos se utilizan para optimizar nuestro sitio web y garantizar la seguridad de nuestros sistemas inform\u00e1ticos. En este contexto, los datos no se analizan con fines de marketing.<br \/>\nNuestros intereses leg\u00edtimos en el procesamiento de datos tambi\u00e9n se encuentran dentro del alcance de dichos prop\u00f3sitos en el sentido del punto f) del Art\u00edculo 6 (1) GDPR.<\/p>\n<p><strong>4. Per\u00edodo de almacenamiento<\/strong><br \/>\nLos datos personales se borran tan pronto como ya no son necesarios para lograr los fines para los que fueron recopilados. Si se recopilan datos personales para ponerlos a disposici\u00f3n del sitio web, se borran al finalizar la sesi\u00f3n. Si los datos se almacenan en archivos de registro, se borran en un plazo m\u00e1ximo de siete d\u00edas. Puede ser posible un per\u00edodo de almacenamiento m\u00e1s largo. En este caso, las direcciones IP del usuario se borran o distorsionan para que no se pueda hacer referencia al cliente en cuesti\u00f3n.<\/p>\n<p><strong>5. Posibilidad de oposici\u00f3n y eliminaci\u00f3n de datos<\/strong><br \/>\nEl usuario podr\u00e1 retirar su consentimiento al tratamiento de los datos personales que le conciernen en cualquier momento. Si el usuario se pone en contacto con nosotros por correo electr\u00f3nico, puede oponerse en cualquier momento al almacenamiento de los datos personales que le conciernen. En este caso, la conversaci\u00f3n llega a su fin. Si desea ejercer sus derechos a este respecto, p\u00f3ngase en contacto con nosotros utilizando los datos de contacto informados en las notas legales en la direcci\u00f3n privacy.web@metaltex.com.<br \/>\nEn este caso, se borrar\u00e1n todos los datos personales que se hayan guardado durante nuestras comunicaciones.<\/p>\n<h3><strong>Derechos del interesado<\/strong><\/h3>\n<p>Cuando se procesan sus datos personales, usted es el sujeto de los datos en el sentido del RGPD y tiene los siguientes derechos frente al controlador:<\/p>\n<p><strong>1. <\/strong><strong>Derecho de acceso<\/strong><br \/>\nTendr\u00e1 derecho a obtener del responsable del tratamiento confirmaci\u00f3n de si se est\u00e1n tratando o no datos personales que le conciernen.<\/p>\n<p>Cuando ese sea el caso, puede obtener del controlador acceso a la siguiente informaci\u00f3n:<\/p>\n<ul>\n<li>los fines del procesamiento;<\/li>\n<li>las categor\u00edas de datos personales en cuesti\u00f3n;<\/li>\n<li>los destinatarios o categor\u00edas de destinatarios a quienes se han comunicado o se comunicar\u00e1n los datos personales;<\/li>\n<li>el plazo previsto durante el cual se conservar\u00e1n los datos personales o, en su defecto, los criterios utilizados para determinar dicho plazo;<\/li>\n<li>la existencia del derecho a solicitar al responsable del tratamiento la rectificaci\u00f3n o supresi\u00f3n de los datos personales o la limitaci\u00f3n del tratamiento de los datos personales que le conciernen o a oponerse a dicho tratamiento;<\/li>\n<li>el derecho a presentar una queja ante una autoridad de control;<\/li>\n<li>cuando los datos personales no se recopilen del interesado, cualquier informaci\u00f3n disponible sobre su fuente;<\/li>\n<li>la existencia de la toma de decisiones automatizada, incluida la elaboraci\u00f3n de perfiles, a que se refiere el art\u00edculo 22, apartados 1 y 4, del RGPD y, al menos en esos casos, informaci\u00f3n significativa sobre la l\u00f3gica implicada, as\u00ed como la importancia y las consecuencias previstas de dicho tratamiento para el interesado.<\/li>\n<\/ul>\n<p>Cuando los datos personales que le conciernen se transfieran a un tercer pa\u00eds o a una organizaci\u00f3n internacional, tendr\u00e1 derecho a ser informado de ello. A este respecto, puede solicitar que se le informe de la existencia de garant\u00edas adecuadas de conformidad con el art\u00edculo 46 del RGPD en relaci\u00f3n con la transferencia.<\/p>\n<p><strong>2. Derecho de rectificaci\u00f3n<\/strong><br \/>\nTendr\u00e1 derecho a obtener del responsable del tratamiento la rectificaci\u00f3n de los datos personales inexactos que le conciernen o que se completen los datos incompletos. El controlador se encargar\u00e1 de la rectificaci\u00f3n sin demora indebida.<\/p>\n<p><strong>3. Derecho a la limitaci\u00f3n del procesamiento<\/strong><br \/>\nTendr\u00e1 derecho a obtener del controlador la restricci\u00f3n del procesamiento de sus datos personales cuando se aplique uno de los siguientes:<\/p>\n<ul>\n<li>cuando impugne la exactitud de los datos personales que le conciernen, durante un per\u00edodo que permita al controlador verificar la exactitud de dichos datos personales;<\/li>\n<li>el tratamiento es il\u00edcito y usted se opone a la supresi\u00f3n de los datos personales y solicita en su lugar la limitaci\u00f3n de su uso;<\/li>\n<li>el controlador ya no necesita los datos personales para los fines del procesamiento, pero usted los requiere para el establecimiento, ejercicio o defensa de reclamos legales, o<\/li>\n<li>usted se ha opuesto al procesamiento de conformidad con el Art\u00edculo 21 (1) GDPR en espera de la verificaci\u00f3n de si los motivos leg\u00edtimos del controlador anulan los suyos.<\/li>\n<\/ul>\n<p>Cuando el procesamiento se haya restringido en virtud del apartado 1, sus datos personales, con excepci\u00f3n del almacenamiento, solo se procesar\u00e1n con su consentimiento o para el establecimiento, ejercicio o defensa de reclamaciones legales o para la protecci\u00f3n de los derechos de otra persona f\u00edsica o jur\u00eddica o por razones de inter\u00e9s p\u00fablico importante de la Uni\u00f3n o de un Estado miembro.<br \/>\nSi ha obtenido la restricci\u00f3n del procesamiento en los casos mencionados, el controlador le informar\u00e1 antes de que se levante la restricci\u00f3n del procesamiento.<\/p>\n<p><strong>4. Right to erasure<\/strong><\/p>\n<p>a) Obligaci\u00f3n de suprimir los datos<\/p>\n<p>Tendr\u00e1 derecho a obtener del controlador la eliminaci\u00f3n de los datos personales que le conciernen sin demora indebida y el controlador tendr\u00e1 la obligaci\u00f3n de eliminar los datos personales sin demora indebida cuando se d\u00e9 uno de los siguientes motivos:<\/p>\n<ul>\n<li>los datos personales que le conciernen ya no son necesarios en relaci\u00f3n con los fines para los que fueron recopilados o procesados;<\/li>\n<li>usted retira el consentimiento en el que se basa el procesamiento de acuerdo con el punto a) del Art\u00edculo 6 (1), o el punto a) del Art\u00edculo 9 (2) GDPR, y cuando no hay otra base legal para el procesamientog;<\/li>\n<li>se opone al procesamiento de conformidad con el art\u00edculo 21 (1) del RGPD y no existen motivos leg\u00edtimos imperiosos para el procesamiento, o se opone al procesamiento de conformidad con el art\u00edculo 21 (2) del RGPD;<\/li>\n<li>los datos personales que le conciernen han sido procesados ilegalmente;<\/li>\n<li>los datos personales que le conciernen deben suprimirse para el cumplimiento de una obligaci\u00f3n legal en la legislaci\u00f3n de la Uni\u00f3n o de los Estados miembros a la que est\u00e1 sujeto el responsable del tratamiento;<\/li>\n<li>los datos personales que le conciernen han sido recopilados en relaci\u00f3n con la oferta de servicios de la sociedad de la informaci\u00f3n a que se refiere el art\u00edculo 8, apartado 1, del RGPD.<\/li>\n<\/ul>\n<p>b) Informaci\u00f3n a terceros<\/p>\n<p>Cuando el procesador haya hecho p\u00fablicos los datos personales que le conciernen y est\u00e9 obligado de conformidad con el art\u00edculo 17 (1) del RGPD a borrarlos, el procesador, teniendo en cuenta la tecnolog\u00eda disponible y el costo de implementaci\u00f3n, tomar\u00e1 las medidas razonables, incluidas medidas t\u00e9cnicas, para informar a los controladores que est\u00e1n procesando los datos personales, que usted ha solicitado que dichos controladores eliminen cualquier enlace, copia o replicaci\u00f3n de esos datos personales.<\/p>\n<p>c) Excepciones<\/p>\n<p>El derecho de supresi\u00f3n no se aplicar\u00e1 en la medida en que el tratamiento sea necesario:<\/p>\n<ul>\n<li>por ejercer el derecho a la libertad de expresi\u00f3n e informaci\u00f3n;<\/li>\n<li>para el cumplimiento de una obligaci\u00f3n legal que requiere el tratamiento por la legislaci\u00f3n de la Uni\u00f3n o de los Estados miembros a la que est\u00e1 sujeto el responsable del tratamiento o para el desempe\u00f1o de una tarea realizada en inter\u00e9s p\u00fablico o en el ejercicio de la autoridad oficial conferida al responsable del tratamiento;<\/li>\n<li>por razones de inter\u00e9s p\u00fablico en el \u00e1mbito de la salud p\u00fablica de conformidad con los puntos h) e i) del art\u00edculo 9, apartado 2, as\u00ed como el art\u00edculo 9, apartado 3, del RGPD;<\/li>\n<li>para fines de archivo en inter\u00e9s p\u00fablico, fines de investigaci\u00f3n cient\u00edfica o hist\u00f3rica o fines estad\u00edsticos de conformidad con el art\u00edculo 89, apartado 1, del RGPD, en la medida en que el derecho mencionado en el p\u00e1rrafo a) pueda hacer imposible o perjudicar gravemente el logro de los objetivos de ese tratamiento; o<\/li>\n<li>para el establecimiento, ejercicio o defensa de reclamaciones legales.<\/li>\n<\/ul>\n<p><strong>5. Derecho de notificaci\u00f3n<\/strong><br \/>\nSi ha ejercido su derecho de rectificaci\u00f3n, el responsable del tratamiento comunicar\u00e1 la rectificaci\u00f3n o supresi\u00f3n de los datos personales o la limitaci\u00f3n del tratamiento a cada uno de los destinatarios a los que haya comunicado los datos personales, salvo que resulte imposible o suponga un esfuerzo desproporcionado.<\/p>\n<p>El responsable del tratamiento te informar\u00e1 sobre dichos destinatarios si as\u00ed lo solicitas<\/p>\n<p><strong>6. Derecho a la portabilidad de los datos<\/strong><br \/>\nTendr\u00e1 derecho a recibir los datos personales que le incumban, que haya facilitado al responsable del tratamiento, en un formato estructurado, de uso com\u00fan y lectura mec\u00e1nica. Tambi\u00e9n tendr\u00e1 derecho a transmitir esos datos a otro responsable del tratamiento sin que lo impida el responsable del tratamiento al que se hayan facilitado los datos personales, cuando:<\/p>\n<ul>\n<li>el procesamiento se basa en el consentimiento de conformidad con el art\u00edculo 6, apartado 1, letra a), o el art\u00edculo 9, apartado 2, letra a), del RGPD, o en un contrato de conformidad con el art\u00edculo 6, apartado 1, letra b), del RGPD; y<\/li>\n<li>el tratamiento se lleva a cabo por medios automatizados.<\/li>\n<\/ul>\n<p>Al ejercer este derecho, tambi\u00e9n tendr\u00e1 derecho a que los datos personales se transmitan directamente de un controlador a otro, cuando sea t\u00e9cnicamente posible. Este derecho no afectar\u00e1 negativamente a los derechos y libertades de los dem\u00e1s.<\/p>\n<p>El derecho a la portabilidad de los datos no se aplicar\u00e1 al tratamiento necesario para el desempe\u00f1o de una tarea realizada en inter\u00e9s p\u00fablico o en el ejercicio del poder p\u00fablico conferido al responsable del tratamiento.<\/p>\n<p><strong>7. Derecho de oposici\u00f3n<\/strong><br \/>\nTendr\u00e1 derecho a oponerse, por motivos relacionados con su situaci\u00f3n particular, en cualquier momento al procesamiento de los datos personales que le conciernen en virtud del art\u00edculo 6, apartado 1, letra e) o f) del RGPD, incluida la elaboraci\u00f3n de perfiles basada en dichas disposiciones.<\/p>\n<p>El controlador dejar\u00e1 de procesar los datos personales que le conciernen a menos que demuestre motivos leg\u00edtimos imperiosos para el procesamiento que anulen sus intereses, derechos y libertades o para el establecimiento, ejercicio o defensa de reclamaciones legales.<br \/>\nCuando los datos personales que le conciernen se procesen con fines de marketing directo, tendr\u00e1 derecho a oponerse en cualquier momento al procesamiento de los datos personales que le conciernen para dicho marketing, lo que incluye la elaboraci\u00f3n de perfiles en la medida en que est\u00e9 relacionado con dicho marketing directo.<br \/>\nCuando se oponga al procesamiento con fines de marketing directo, los datos personales que le conciernen ya no se procesar\u00e1n para tales fines.<br \/>\nEn el marco de la utilizaci\u00f3n de los servicios de la sociedad de la informaci\u00f3n, y sin perjuicio de la Directiva 2002\/58\/CE, podr\u00e1 ejercer su derecho de oposici\u00f3n por medios automatizados utilizando especificaciones t\u00e9cnicas.<\/p>\n<p><strong>8. Derecho a presentar una reclamaci\u00f3n ante una autoridad de control<\/strong><br \/>\nSin perjuicio de cualquier otro recurso administrativo o judicial, tendr\u00e1 derecho a presentar una reclamaci\u00f3n ante una autoridad de control, en particular en el Estado miembro de su residencia habitual, lugar de trabajo o lugar de la supuesta infracci\u00f3n, si considera que el tratamiento de datos personales relacionados con usted infringe el RGPD. La autoridad de control ante la que se haya presentado la denuncia informar\u00e1 al denunciante sobre el progreso y el resultado de la denuncia, incluida la posibilidad de un recurso judicial de conformidad con el art\u00edculo 78 del RGPD.<\/p>\n<\/div>\n","protected":false},"excerpt":{"rendered":"<p>C\u00f3digo de Protecci\u00f3n de Datos Personales en virtud del art. 13 del Reglamento N\u00b0 679\/2016 RGPD. Controlador METALTEX SA via Pra Vicc 2 CH-6852 Genestrerio Suiza Delegado de Protecci\u00f3n de Datos (DPO) El Delegado de  [&#8230;]<\/p>\n","protected":false},"author":1,"featured_media":0,"parent":0,"menu_order":0,"comment_status":"closed","ping_status":"closed","template":"","meta":{"footnotes":""},"class_list":["post-57144","page","type-page","status-publish","hentry"],"_links":{"self":[{"href":"https:\/\/www.metaltex.com\/es\/wp-json\/wp\/v2\/pages\/57144","targetHints":{"allow":["GET"]}}],"collection":[{"href":"https:\/\/www.metaltex.com\/es\/wp-json\/wp\/v2\/pages"}],"about":[{"href":"https:\/\/www.metaltex.com\/es\/wp-json\/wp\/v2\/types\/page"}],"author":[{"embeddable":true,"href":"https:\/\/www.metaltex.com\/es\/wp-json\/wp\/v2\/users\/1"}],"replies":[{"embeddable":true,"href":"https:\/\/www.metaltex.com\/es\/wp-json\/wp\/v2\/comments?post=57144"}],"version-history":[{"count":0,"href":"https:\/\/www.metaltex.com\/es\/wp-json\/wp\/v2\/pages\/57144\/revisions"}],"wp:attachment":[{"href":"https:\/\/www.metaltex.com\/es\/wp-json\/wp\/v2\/media?parent=57144"}],"curies":[{"name":"wp","href":"https:\/\/api.w.org\/{rel}","templated":true}]}}