{"id":57139,"date":"2023-06-01T11:36:13","date_gmt":"2023-06-01T09:36:13","guid":{"rendered":"https:\/\/www.metaltex.com\/cookie-policy\/"},"modified":"2023-08-28T10:02:12","modified_gmt":"2023-08-28T08:02:12","slug":"politica-de-cookies","status":"publish","type":"page","link":"https:\/\/www.metaltex.com\/es\/politica-de-cookies\/","title":{"rendered":"POL\u00cdTICA DE COOKIES"},"content":{"rendered":"<div id=\"privacypage\">\n<h1 class=\"title-page\">Pol\u00edtica de cookies<\/h1>\n<p><em>\u00faltima actualizaci\u00f3n: 1 de junio de 2023<\/em><\/p>\n<p>En esta p\u00e1gina, nuestro objetivo es proporcionar una explicaci\u00f3n completa y clara de qu\u00e9 son las cookies y c\u00f3mo se utilizan en nuestro sitio. Consulte nuestra <a href=\"https:\/\/www.metaltex.com\/es\/politica-de-privacidad\/\" target=\"_blank\" rel=\"noopener\"><u>Pol\u00edtica de privacidad<\/u><\/a> para obtener detalles sobre c\u00f3mo manejamos y protegemos sus datos personales.<\/p>\n<h3><strong>\u00bfQu\u00e9 son las cookies?<\/strong><\/h3>\n<p>Las \u2018<strong>cookies<\/strong>\u2019 son peque\u00f1os archivos de texto que el navegador de Internet almacena en su computadora o dispositivo m\u00f3vil. Hacen que la interacci\u00f3n entre los usuarios y los sitios web sea m\u00e1s r\u00e1pida, f\u00e1cil y agradable.<br \/>\nCon su consentimiento, tambi\u00e9n nos permiten optimizar la funcionalidad de nuestro sitio web brind\u00e1ndonos informaci\u00f3n anal\u00edtica an\u00f3nima para fines estad\u00edsticos.<\/p>\n<p>Existen diferentes tipos de \u2018<strong>Cookies<\/strong>\u2019. Ciertas cookies se originan directamente desde nuestro sitio web, mientras que otras son colocadas por terceros en nuestro sitio. Las cookies de terceros tienen dos prop\u00f3sitos: recopilar datos en nuestro nombre (p. ej., <strong>Google Analytics<\/strong>) o recopilar datos para sus propios fines (p. ej., <strong>YouTube<\/strong> u otras cookies de redes sociales).<\/p>\n<p>&nbsp;<\/p>\n<h3><strong>Tipos de Cookies y su uso en nuestro sitio web<\/strong><\/h3>\n<p>Las cookies se pueden almacenar en su navegador web o dispositivo (computadora de escritorio, tableta o m\u00f3vil) por diferentes tiempos. Las <strong>cookies de sesi\u00f3n<\/strong> se eliminan de su computadora o dispositivo cuando cierra su navegador web. Las <strong>cookies persistentes<\/strong>, por otro lado, permanecen almacenadas en su computadora o dispositivo hasta que se eliminan manualmente o hasta que alcanzan su fecha de vencimiento.<\/p>\n<p>Nuestro sitio web utiliza cookies que hemos dividido en 3 categor\u00edas principales:<\/p>\n<p>&nbsp;<\/p>\n<ol start=\"1\">\n<li>\n<h3><strong><strong> Cookies t\u00e9cnicas &#8211; Estrictamente necesarias<\/strong><\/strong><\/h3>\n<\/li>\n<\/ol>\n<p>Nuestras cookies t\u00e9cnicas son esenciales para las funcionalidades principales del sitio web, como la seguridad, la gesti\u00f3n de la red y la accesibilidad. Como <strong>Cookies Estrictamente Necesarias<\/strong>, no requieren su consentimiento y son esenciales para el correcto funcionamiento del sitio web.<\/p>\n<ul>\n<li>Google reCAPTCHA (protecci\u00f3n contra spam)<\/li>\n<li>Google Fonts (fuentes incrustadas utilizadas por nuestro sitio web)<\/li>\n<li>WPML (establece el idioma apropiado)<\/li>\n<li>Complianz (muestra la p\u00e1gina apropiada para tu dispositivo)<\/li>\n<\/ul>\n<p><strong><em>Tenga en cuenta que estas cookies no se pueden deshabilitar a trav\u00e9s del banner de configuraci\u00f3n de cookies.<\/em><\/strong><\/p>\n<p><em>Sin embargo, puede deshabilitar estas cookies en la configuraci\u00f3n de su navegador. Tenga en cuenta que la desactivaci\u00f3n de estas cookies esenciales puede afectar el rendimiento de nuestro sitio web. Para obtener instrucciones sobre c\u00f3mo deshabilitar las cookies, consulte el centro de ayuda de su navegador. Consulte a continuaci\u00f3n una lista sobre la administraci\u00f3n de cookies en navegadores populares.<\/em><\/p>\n<p>Estas cookies no esenciales brindan informaci\u00f3n sobre c\u00f3mo usa nuestro sitio web y nos ayudan a mejorarlo. Por ejemplo, recopilan datos sobre la cantidad de visitantes a varias partes del sitio y nos ayudan a analizar y comprender c\u00f3mo se usa nuestro sitio web, lo que nos ayuda a mejorar la funcionalidad y la facilidad de uso de nuestro sitio. Al comprender c\u00f3mo utiliza nuestro sitio web, podemos identificar y abordar cualquier problema mientras monitoreamos el rendimiento de nuestro propio sitio web.<\/p>\n<p>&nbsp;<\/p>\n<ol start=\"2\">\n<li>\n<h3><strong><strong> Cookies anal\u00edticas &#8211; Cookies de terceros<\/strong><\/strong><\/h3>\n<\/li>\n<\/ol>\n<p>Estas cookies no esenciales brindan informaci\u00f3n sobre c\u00f3mo usa nuestro sitio web y nos ayudan a mejorarlo. Por ejemplo, recopilan datos sobre la cantidad de visitantes a varias partes del sitio y nos ayudan a analizar y comprender c\u00f3mo se usa nuestro sitio web, lo que nos ayuda a mejorar la funcionalidad y la facilidad de uso de nuestro sitio. Al comprender c\u00f3mo utiliza nuestro sitio web, podemos identificar y abordar cualquier problema mientras monitoreamos el rendimiento de nuestro propio sitio web.<\/p>\n<p>Para ello, nuestro sitio web utiliza\u00a0<strong>Google Analytics.<\/strong><\/p>\n<p><strong><em>Las cookies de an\u00e1lisis se pueden desactivar a trav\u00e9s del banner de configuraci\u00f3n de cookies.<\/em><\/strong><\/p>\n<p>&nbsp;<\/p>\n<ol start=\"3\">\n<li>\n<h3><strong><strong> Cookies de marketing &#8211; Cookies de terceros<\/strong><\/strong><\/h3>\n<\/li>\n<\/ol>\n<p>Nuestro sitio web incorpora contenidos de nuestros\u00a0<strong>canales y cuentas oficiales de redes sociales<\/strong> (YouTube, Facebook, Instagram, Pinterest\u2026), mejorando la experiencia del usuario sin comprometer la velocidad de navegaci\u00f3n.<\/p>\n<p>Cuando hace clic en cualquiera de estos botones, las plataformas de\u00a0<strong>redes sociales<\/strong>\u00a0pueden utilizar <strong>cookies de terceros, <\/strong>que permiten la reproducci\u00f3n de videos, recopilan datos anal\u00edticos sobre la participaci\u00f3n de los espectadores para cumplir con sus propios fines de marketing.<\/p>\n<p>Estas plataformas pueden configurar sus propias cookies en su dispositivo. No controlamos la configuraci\u00f3n de estas cookies, por lo que recomendamos revisar el sitio web de la red social para obtener m\u00e1s informaci\u00f3n sobre sus cookies y c\u00f3mo administrarlas.<\/p>\n<p><strong><em>Las cookies de terceros se pueden desactivar a trav\u00e9s del banner de configuraci\u00f3n de cookies.<\/em><\/strong><\/p>\n<div id=\"privacypage\">\n<p>&nbsp;<\/p>\n<h3><strong>\u00bfC\u00f3mo cambio la configuraci\u00f3n de cookies en mi navegador?<\/strong><\/h3>\n<p>La mayor\u00eda de los navegadores almacenan cookies de forma predeterminada, pero el usuario puede controlar la mayor\u00eda de las cookies a trav\u00e9s de la configuraci\u00f3n del navegador. Para saber c\u00f3mo administrar sus cookies, visite el centro de preferencias de privacidad de su navegador web:<\/p>\n<ul>\n<li>Google Chrome:\u00a0<a href=\"https:\/\/support.google.com\/chrome\/answer\/95647?hl=en-GB\" target=\"_blank\" rel=\"noopener\">https:\/\/support.google.com\/chrome\/answer\/95647?hl=en-GB<\/a><\/li>\n<li>Apple Safari:\u00a0<a href=\"https:\/\/support.apple.com\/en-us\/HT201265\" target=\"_blank\" rel=\"noopener\">https:\/\/support.apple.com\/en-us\/HT201265<\/a><\/li>\n<li>Mozilla Firefox:\u00a0<a href=\"https:\/\/support.mozilla.org\/en-US\/kb\/cookies-information-websites-store-on-your-computer\" target=\"_blank\" rel=\"noopener\">https:\/\/support.mozilla.org\/en-US\/kb\/cookies-information-websites-store-on-your-computer<\/a><\/li>\n<li>Internet Explorer:\u00a0<a href=\"https:\/\/windows.microsoft.com\/en-us\/internet-explorer\/delete-manage-cookies#ie=ie-11\" target=\"_blank\" rel=\"noopener\">https:\/\/windows.microsoft.com\/en-us\/internet-explorer\/delete-manage-cookies#ie=ie-11<\/a><\/li>\n<li>Opera:\u00a0<a href=\"https:\/\/help.opera.com\/Windows\/10.00\/en\/cookies.html\" target=\"_blank\" rel=\"noopener\">https:\/\/help.opera.com\/Windows\/10.00\/en\/cookies.html<\/a><\/li>\n<\/ul>\n<p>El bloqueo de cookies puede impedir que este sitio web se muestre correctamente.<\/p>\n<p>Para obtener m\u00e1s informaci\u00f3n sobre las cookies, incluido c\u00f3mo ver qu\u00e9 cookies se han configurado, visite <u><a href=\"http:\/\/www.aboutcookies.org\/\" target=\"_blank\" rel=\"noopener\">www.aboutcookies.org<\/a><\/u><\/p>\n<div class=\"text-content\"><\/div>\n<\/div>\n<\/div>\n","protected":false},"excerpt":{"rendered":"<p>Pol\u00edtica de cookies \u00faltima actualizaci\u00f3n: 1 de junio de 2023 En esta p\u00e1gina, nuestro objetivo es proporcionar una explicaci\u00f3n completa y clara de qu\u00e9 son las cookies y c\u00f3mo se utilizan en nuestro sitio. Consulte  [&#8230;]<\/p>\n","protected":false},"author":1,"featured_media":0,"parent":0,"menu_order":0,"comment_status":"closed","ping_status":"closed","template":"","meta":{"footnotes":""},"class_list":["post-57139","page","type-page","status-publish","hentry"],"_links":{"self":[{"href":"https:\/\/www.metaltex.com\/es\/wp-json\/wp\/v2\/pages\/57139","targetHints":{"allow":["GET"]}}],"collection":[{"href":"https:\/\/www.metaltex.com\/es\/wp-json\/wp\/v2\/pages"}],"about":[{"href":"https:\/\/www.metaltex.com\/es\/wp-json\/wp\/v2\/types\/page"}],"author":[{"embeddable":true,"href":"https:\/\/www.metaltex.com\/es\/wp-json\/wp\/v2\/users\/1"}],"replies":[{"embeddable":true,"href":"https:\/\/www.metaltex.com\/es\/wp-json\/wp\/v2\/comments?post=57139"}],"version-history":[{"count":0,"href":"https:\/\/www.metaltex.com\/es\/wp-json\/wp\/v2\/pages\/57139\/revisions"}],"wp:attachment":[{"href":"https:\/\/www.metaltex.com\/es\/wp-json\/wp\/v2\/media?parent=57139"}],"curies":[{"name":"wp","href":"https:\/\/api.w.org\/{rel}","templated":true}]}}