{"id":54113,"date":"2023-05-15T16:17:20","date_gmt":"2023-05-15T14:17:20","guid":{"rendered":"https:\/\/www.metaltex.com\/vertriebsnetzwerk\/luxembourg\/"},"modified":"2023-07-07T11:34:15","modified_gmt":"2023-07-07T09:34:15","slug":"luxemburg","status":"publish","type":"page","link":"https:\/\/www.metaltex.com\/de\/vertriebsnetzwerk\/luxemburg\/","title":{"rendered":"LUXEMBURG"},"content":{"rendered":"<p><div class=\"fusion-fullwidth fullwidth-box fusion-builder-row-1 fusion-flex-container hundred-percent-fullwidth non-hundred-percent-height-scrolling\" style=\"--awb-border-radius-top-left:0px;--awb-border-radius-top-right:0px;--awb-border-radius-bottom-right:0px;--awb-border-radius-bottom-left:0px;--awb-padding-right:0px;--awb-padding-left:0px;--awb-min-height:800px px;--awb-background-color:var(--awb-custom11);--awb-flex-wrap:wrap;\" ><div class=\"fusion-builder-row fusion-row fusion-flex-align-items-flex-start fusion-flex-content-wrap\" style=\"width:104% !important;max-width:104% !important;margin-left: calc(-4% \/ 2 );margin-right: calc(-4% \/ 2 );\"><div class=\"fusion-layout-column fusion_builder_column fusion-builder-column-0 fusion_builder_column_1_2 1_2 fusion-flex-column\" style=\"--awb-padding-top:200px;--awb-padding-right:11%;--awb-padding-left:11%;--awb-padding-top-medium:75px;--awb-padding-top-small:75px;--awb-bg-size:cover;--awb-width-large:50%;--awb-margin-top-large:0px;--awb-spacing-right-large:3.84%;--awb-margin-bottom-large:0px;--awb-spacing-left-large:3.84%;--awb-width-medium:100%;--awb-order-medium:0;--awb-spacing-right-medium:1.92%;--awb-spacing-left-medium:1.92%;--awb-width-small:100%;--awb-order-small:0;--awb-spacing-right-small:1.92%;--awb-spacing-left-small:1.92%;\"><div class=\"fusion-column-wrapper fusion-column-has-shadow fusion-flex-justify-content-flex-start fusion-content-layout-column\"><div class=\"fusion-separator fusion-no-large-visibility fusion-full-width-sep\" style=\"align-self: center;margin-left: auto;margin-right: auto;margin-top:80px;width:100%;\"><\/div><div class=\"fusion-builder-row fusion-builder-row-inner fusion-row fusion-flex-align-items-flex-start fusion-flex-content-wrap\" style=\"--awb-flex-grow:0;--awb-flex-grow-medium:0;--awb-flex-grow-small:0;--awb-flex-shrink:0;--awb-flex-shrink-medium:0;--awb-flex-shrink-small:0;width:104% !important;max-width:104% !important;margin-left: calc(-4% \/ 2 );margin-right: calc(-4% \/ 2 );\"><div class=\"fusion-layout-column fusion_builder_column_inner fusion-builder-nested-column-0 fusion_builder_column_inner_1_1 1_1 fusion-flex-column Textwithalliance\" style=\"--awb-bg-size:cover;--awb-width-large:100%;--awb-margin-top-large:0px;--awb-spacing-right-large:1.92%;--awb-margin-bottom-large:0px;--awb-spacing-left-large:1.92%;--awb-width-medium:100%;--awb-order-medium:0;--awb-spacing-right-medium:1.92%;--awb-spacing-left-medium:1.92%;--awb-width-small:100%;--awb-order-small:0;--awb-spacing-right-small:1.92%;--awb-spacing-left-small:1.92%;\"><div class=\"fusion-column-wrapper fusion-column-has-shadow fusion-flex-justify-content-flex-start fusion-content-layout-column\"><div class=\"fusion-image-element \" style=\"text-align:left;--awb-margin-bottom:15px;--awb-caption-title-color:var(--awb-color2);--awb-max-width:60px;--awb-caption-title-font-family:&quot;Lexend&quot;;--awb-caption-title-font-weight:300;--awb-caption-title-font-style:normal;--awb-caption-title-size:54px;--awb-caption-title-transform:var(--h1_typography-text-transform);--awb-caption-title-line-height:var(--h1_typography-line-height);--awb-caption-title-letter-spacing:var(--h1_typography-letter-spacing);\"><span class=\" fusion-imageframe imageframe-none imageframe-1 hover-type-none\"><img decoding=\"async\" width=\"150\" height=\"150\" title=\"Flag_Luxemburg\" src=\"https:\/\/www.metaltex.com\/wp-content\/uploads\/2023\/03\/Flag_Luxemburg.png\" alt class=\"img-responsive wp-image-38928\" srcset=\"https:\/\/www.metaltex.com\/wp-content\/uploads\/2023\/03\/Flag_Luxemburg-66x66.png 66w, https:\/\/www.metaltex.com\/wp-content\/uploads\/2023\/03\/Flag_Luxemburg.png 150w\" sizes=\"(max-width: 150px) 100vw, 150px\" \/><\/span><\/div><div class=\"fusion-text fusion-text-1\" style=\"--awb-font-size:54px;--awb-text-transform:none;--awb-text-color:var(--awb-color2);--awb-text-font-family:&quot;Lexend&quot;;--awb-text-font-style:normal;--awb-text-font-weight:300;\"><h1 style=\"color: var(--awb-color2); font-size: 40px; font-family: Lexend; font-weight: 200; line-height: 37.400001525878906px; text-align: left; letter-spacing: normal;\" data-fusion-font=\"true\" data-fusion-google-font=\"Lexend\" data-fusion-google-variant=\"200\">LUXEMBURG<\/h1>\n<\/div><div class=\"fusion-text fusion-text-2\" style=\"--awb-font-size:54px;--awb-text-transform:none;--awb-text-color:var(--awb-color2);--awb-margin-top:2%;--awb-text-font-family:&quot;Lexend&quot;;--awb-text-font-style:normal;--awb-text-font-weight:300;\"><h1 style=\"color: var(--awb-color2); font-size: 36px; font-family: Lexend; font-weight: 400; line-height: 37.400001525878906px; text-align: left;\" data-fusion-font=\"true\" data-fusion-google-font=\"Lexend\" data-fusion-google-variant=\"400\">Metaltex Belux SA<\/h1>\n<\/div><\/div><\/div><\/div><div class=\"fusion-separator fusion-full-width-sep\" style=\"align-self: center;margin-left: auto;margin-right: auto;margin-top:100px;width:100%;\"><\/div><div class=\"fusion-text fusion-text-3 TitoloPartner\" style=\"--awb-font-size:16px;--awb-line-height:1.8;--awb-text-transform:none;--awb-text-color:#ffffff;\"><p>Wir sind die belgische Metaltex-Niederlassung in Pepinster (Provinz L\u00fcttich), wo wir seit 1976 t\u00e4tig sind und eine der ersten Tochtergesellschaft waren, die er\u00f6ffnet wurden. Von hier aus vermarkten, vertreiben und verwalten wir den Verkauf von Haushaltsprodukten an Einzelh\u00e4ndler, Kaufh\u00e4user, Verbraucherm\u00e4rkte, M\u00f6belh\u00e4user und Baum\u00e4rkte sowie Versand- und Online-H\u00e4ndler in der Benelux-Union.<\/p>\n<p>Als Metaltex-Unternehmen bieten wir ein breites Sortiment an Haushaltsl\u00f6sungen an. Dazu geh\u00f6ren Produkte zur Aufbewahrungsorganisation und W\u00e4schepflege sowie eine Reihe von K\u00fcchenutensilien.<\/p>\n<p>Mit mehr als 45 Jahren Erfahrung gew\u00e4hrleisten wir fl\u00e4chendeckend eine \u201eJust-in-time\u201c-Belieferung an den Point of Sale.<\/p>\n<\/div><div class=\"fusion-separator fusion-no-small-visibility fusion-full-width-sep\" style=\"align-self: center;margin-left: auto;margin-right: auto;margin-top:40px;width:100%;\"><\/div><div class=\"fusion-separator fusion-full-width-sep\" style=\"align-self: center;margin-left: auto;margin-right: auto;width:100%;\"><\/div><div class=\"fusion-separator fusion-no-medium-visibility fusion-no-large-visibility fusion-full-width-sep\" style=\"align-self: center;margin-left: auto;margin-right: auto;margin-top:20px;width:100%;\"><\/div><div class=\"fusion-builder-row fusion-builder-row-inner fusion-row fusion-flex-align-items-flex-start fusion-flex-content-wrap\" style=\"--awb-flex-grow:0;--awb-flex-grow-medium:0;--awb-flex-grow-small:0;--awb-flex-shrink:0;--awb-flex-shrink-medium:0;--awb-flex-shrink-small:0;width:104% !important;max-width:104% !important;margin-left: calc(-4% \/ 2 );margin-right: calc(-4% \/ 2 );\"><div class=\"fusion-layout-column fusion_builder_column_inner fusion-builder-nested-column-1 fusion_builder_column_inner_1_2 1_2 fusion-flex-column\" style=\"--awb-bg-size:cover;--awb-width-large:50%;--awb-margin-top-large:0px;--awb-spacing-right-large:3.84%;--awb-margin-bottom-large:0px;--awb-spacing-left-large:3.84%;--awb-width-medium:100%;--awb-order-medium:0;--awb-spacing-right-medium:1.92%;--awb-spacing-left-medium:1.92%;--awb-width-small:100%;--awb-order-small:0;--awb-spacing-right-small:1.92%;--awb-spacing-left-small:1.92%;\"><div class=\"fusion-column-wrapper fusion-column-has-shadow fusion-flex-justify-content-flex-start fusion-content-layout-column\"><div class=\"fusion-text fusion-text-4 DettagliNetwork\" style=\"--awb-font-size:16px;--awb-line-height:1.4;--awb-text-transform:none;--awb-text-color:#ffffff;\"><p><strong>METALTEX BELUX SA<\/strong><br \/>\nChinheid 20-21<br \/>\nBE &#8211; 4860 Pepinster<br \/>\nTel: +32 (0) 87 46 80 40<\/p>\n<\/div><div ><a class=\"fusion-button button-flat button-small button-default fusion-button-default button-1 fusion-button-default-span fusion-button-default-type BottoneNetwork\" target=\"_self\" href=\"mailto:metaltexbelux@metaltex.be\"><i class=\"fa-at fas awb-button__icon awb-button__icon--default button-icon-left\" aria-hidden=\"true\"><\/i><span class=\"fusion-button-text awb-button__text awb-button__text--default\">E-MAIL SCHREIBEN<\/span><\/a><\/div><div class=\"fusion-separator fusion-full-width-sep\" style=\"align-self: center;margin-left: auto;margin-right: auto;margin-top:10px;width:100%;\"><\/div><\/div><\/div><\/div><div class=\"fusion-separator fusion-full-width-sep\" style=\"align-self: center;margin-left: auto;margin-right: auto;margin-top:50px;width:100%;\"><\/div><\/div><\/div><div class=\"fusion-layout-column fusion_builder_column fusion-builder-column-1 fusion_builder_column_1_2 1_2 fusion-flex-column fusion-flex-align-self-stretch\" style=\"--awb-bg-image:url(&#039;https:\/\/www.metaltex.com\/wp-content\/uploads\/2023\/02\/SEDE_NEW_MTXBE-1.png&#039;);--awb-bg-position:center center;--awb-bg-size:cover;--awb-width-large:50%;--awb-margin-top-large:0px;--awb-spacing-right-large:0px;--awb-margin-bottom-large:0px;--awb-spacing-left-large:0px;--awb-width-medium:100%;--awb-order-medium:0;--awb-spacing-right-medium:1.92%;--awb-spacing-left-medium:1.92%;--awb-width-small:100%;--awb-order-small:0;--awb-spacing-right-small:1.92%;--awb-spacing-left-small:1.92%;\"><div class=\"fusion-column-wrapper fusion-column-has-shadow fusion-flex-justify-content-flex-end fusion-content-layout-column fusion-empty-column-bg-image fusion-column-has-bg-image\" data-bg-url=\"https:\/\/www.metaltex.com\/wp-content\/uploads\/2023\/02\/SEDE_NEW_MTXBE-1.png\"><img decoding=\"async\" class=\"fusion-empty-dims-img-placeholder\" aria-label=\"SEDE_NEW_MTXBE\" src=\"data:image\/svg+xml,%3Csvg%20xmlns%3D%27http%3A%2F%2Fwww.w3.org%2F2000%2Fsvg%27%20width%3D%272000%27%20height%3D%271300%27%20viewBox%3D%270%200%202000%201300%27%3E%3Crect%20width%3D%272000%27%20height%3D%271300%27%20fill-opacity%3D%220%22%2F%3E%3C%2Fsvg%3E\"><\/div><\/div><\/div><\/div><div class=\"fusion-fullwidth fullwidth-box fusion-builder-row-2 fusion-flex-container hundred-percent-fullwidth non-hundred-percent-height-scrolling fusion-no-small-visibility fusion-no-medium-visibility BoxPersoneNetwork\" style=\"--awb-border-radius-top-left:0px;--awb-border-radius-top-right:0px;--awb-border-radius-bottom-right:0px;--awb-border-radius-bottom-left:0px;--awb-padding-top:0px;--awb-padding-right:0%;--awb-padding-bottom:0px;--awb-padding-left:0%;--awb-margin-bottom:0px;--awb-min-height:300px px;--awb-background-color:#ffffff;--awb-flex-wrap:wrap;\" ><div class=\"fusion-builder-row fusion-row fusion-flex-align-items-flex-start fusion-flex-content-wrap\" style=\"width:104% !important;max-width:104% !important;margin-left: calc(-4% \/ 2 );margin-right: calc(-4% \/ 2 );\"><div class=\"fusion-layout-column fusion_builder_column fusion-builder-column-2 fusion_builder_column_1_2 1_2 fusion-flex-column fusion-flex-align-self-stretch\" style=\"--awb-padding-left:14%;--awb-padding-right-medium:678px;--awb-padding-left-medium:116px;--awb-padding-top-small:0px;--awb-padding-right-small:356px;--awb-padding-left-small:60px;--awb-bg-size:cover;--awb-width-large:50%;--awb-margin-top-large:0px;--awb-spacing-right-large:0%;--awb-margin-bottom-large:0px;--awb-spacing-left-large:0%;--awb-width-medium:100%;--awb-order-medium:0;--awb-spacing-right-medium:1.92%;--awb-spacing-left-medium:1.92%;--awb-width-small:100%;--awb-order-small:0;--awb-margin-top-small:0px;--awb-spacing-right-small:1.92%;--awb-spacing-left-small:1.92%;\" data-scroll-devices=\"small-visibility,medium-visibility,large-visibility\"><div class=\"fusion-column-wrapper fusion-column-has-shadow fusion-flex-justify-content-flex-start fusion-content-layout-column\"><div class=\"fusion-separator fusion-full-width-sep\" style=\"align-self: center;margin-left: auto;margin-right: auto;margin-top:50px;width:100%;\"><\/div><div class=\"fusion-builder-row fusion-builder-row-inner fusion-row fusion-flex-align-items-flex-start fusion-flex-content-wrap\" style=\"--awb-flex-grow:0;--awb-flex-grow-medium:0;--awb-flex-grow-small:0;--awb-flex-shrink:0;--awb-flex-shrink-medium:0;--awb-flex-shrink-small:0;width:104% !important;max-width:104% !important;margin-left: calc(-4% \/ 2 );margin-right: calc(-4% \/ 2 );\"><div class=\"fusion-layout-column fusion_builder_column_inner fusion-builder-nested-column-2 fusion_builder_column_inner_1_6 1_6 fusion-flex-column fusion-no-small-visibility fusion-no-medium-visibility\" style=\"--awb-bg-size:cover;--awb-width-large:16.666666666667%;--awb-margin-top-large:0px;--awb-spacing-right-large:11.52%;--awb-margin-bottom-large:0px;--awb-spacing-left-large:20px;--awb-width-medium:100%;--awb-order-medium:0;--awb-spacing-right-medium:1.92%;--awb-spacing-left-medium:1.92%;--awb-width-small:100%;--awb-order-small:0;--awb-spacing-right-small:1.92%;--awb-spacing-left-small:1.92%;\"><div class=\"fusion-column-wrapper fusion-column-has-shadow fusion-flex-justify-content-flex-start fusion-content-layout-column\"><div class=\"fusion-image-element fusion-no-small-visibility fusion-no-medium-visibility\" style=\"text-align:center;--awb-max-width:150px;--awb-caption-title-font-family:var(--h2_typography-font-family);--awb-caption-title-font-weight:var(--h2_typography-font-weight);--awb-caption-title-font-style:var(--h2_typography-font-style);--awb-caption-title-size:var(--h2_typography-font-size);--awb-caption-title-transform:var(--h2_typography-text-transform);--awb-caption-title-line-height:var(--h2_typography-line-height);--awb-caption-title-letter-spacing:var(--h2_typography-letter-spacing);\"><span class=\" fusion-imageframe imageframe-none imageframe-2 hover-type-none\"><img decoding=\"async\" width=\"590\" height=\"590\" title=\"MTXBE_Branch\" src=\"https:\/\/www.metaltex.com\/wp-content\/uploads\/2023\/02\/MTXBE_Branch.png\" alt class=\"img-responsive wp-image-37213\" srcset=\"https:\/\/www.metaltex.com\/wp-content\/uploads\/2023\/02\/MTXBE_Branch-200x200.png 200w, https:\/\/www.metaltex.com\/wp-content\/uploads\/2023\/02\/MTXBE_Branch-400x400.png 400w, https:\/\/www.metaltex.com\/wp-content\/uploads\/2023\/02\/MTXBE_Branch.png 590w\" sizes=\"(max-width: 1024px) 100vw, (max-width: 640px) 100vw, 200px\" \/><\/span><\/div><div class=\"fusion-separator fusion-no-large-visibility fusion-full-width-sep\" style=\"align-self: center;margin-left: auto;margin-right: auto;margin-top:10px;width:100%;\"><\/div><\/div><\/div><div class=\"fusion-layout-column fusion_builder_column_inner fusion-builder-nested-column-3 fusion_builder_column_inner_1_3 1_3 fusion-flex-column fusion-no-small-visibility fusion-no-medium-visibility\" style=\"--awb-bg-size:cover;--awb-width-large:33.333333333333%;--awb-margin-top-large:0px;--awb-spacing-right-large:5.76%;--awb-margin-bottom-large:0px;--awb-spacing-left-large:0px;--awb-width-medium:100%;--awb-order-medium:0;--awb-spacing-right-medium:1.92%;--awb-spacing-left-medium:1.92%;--awb-width-small:100%;--awb-order-small:0;--awb-spacing-right-small:1.92%;--awb-spacing-left-small:1.92%;\"><div class=\"fusion-column-wrapper fusion-column-has-shadow fusion-flex-justify-content-center fusion-content-layout-column\"><div class=\"fusion-text fusion-text-5\" style=\"--awb-font-size:15px;--awb-line-height:1.5;--awb-text-transform:none;--awb-text-color:var(--awb-custom11);--awb-margin-right:11%;\"><p style=\"text-align: left;\">OFFIZIELLE METALTEX-NIEDERLASSUNG IN BELGIEN UND LUXEMBURG<\/p>\n<\/div><\/div><\/div><div class=\"fusion-layout-column fusion_builder_column_inner fusion-builder-nested-column-4 fusion_builder_column_inner_1_6 1_6 fusion-flex-column fusion-no-small-visibility fusion-no-medium-visibility\" style=\"--awb-bg-size:cover;--awb-width-large:16.666666666667%;--awb-margin-top-large:0px;--awb-spacing-right-large:11.52%;--awb-margin-bottom-large:0px;--awb-spacing-left-large:11.52%;--awb-width-medium:100%;--awb-order-medium:0;--awb-spacing-right-medium:1.92%;--awb-spacing-left-medium:1.92%;--awb-width-small:100%;--awb-order-small:0;--awb-spacing-right-small:1.92%;--awb-spacing-left-small:1.92%;\"><div class=\"fusion-column-wrapper fusion-column-has-shadow fusion-flex-justify-content-flex-start fusion-content-layout-column\"><div class=\"fusion-separator fusion-no-large-visibility fusion-full-width-sep\" style=\"align-self: center;margin-left: auto;margin-right: auto;margin-top:20px;width:100%;\"><\/div><\/div><\/div><div class=\"fusion-layout-column fusion_builder_column_inner fusion-builder-nested-column-5 fusion_builder_column_inner_1_3 1_3 fusion-flex-column fusion-no-small-visibility fusion-no-medium-visibility\" style=\"--awb-bg-size:cover;--awb-width-large:33.333333333333%;--awb-margin-top-large:0px;--awb-spacing-right-large:5.76%;--awb-margin-bottom-large:0px;--awb-spacing-left-large:0px;--awb-width-medium:100%;--awb-order-medium:0;--awb-spacing-right-medium:1.92%;--awb-spacing-left-medium:1.92%;--awb-width-small:100%;--awb-order-small:0;--awb-spacing-right-small:1.92%;--awb-spacing-left-small:1.92%;\"><div class=\"fusion-column-wrapper fusion-column-has-shadow fusion-flex-justify-content-center fusion-content-layout-column\"><\/div><\/div><\/div><div class=\"fusion-separator fusion-full-width-sep\" style=\"align-self: center;margin-left: auto;margin-right: auto;margin-top:50px;width:100%;\"><\/div><\/div><\/div><div class=\"fusion-layout-column fusion_builder_column fusion-builder-column-3 fusion_builder_column_1_2 1_2 fusion-flex-column fusion-flex-align-self-stretch\" style=\"--awb-padding-left:40px;--awb-padding-right-medium:678px;--awb-padding-left-medium:116px;--awb-padding-top-small:0px;--awb-padding-right-small:356px;--awb-padding-left-small:60px;--awb-bg-size:cover;--awb-width-large:50%;--awb-margin-top-large:0px;--awb-spacing-right-large:0%;--awb-margin-bottom-large:0px;--awb-spacing-left-large:0%;--awb-width-medium:100%;--awb-order-medium:0;--awb-spacing-right-medium:1.92%;--awb-spacing-left-medium:1.92%;--awb-width-small:100%;--awb-order-small:0;--awb-margin-top-small:0px;--awb-spacing-right-small:1.92%;--awb-spacing-left-small:1.92%;\" data-scroll-devices=\"small-visibility,medium-visibility,large-visibility\"><div class=\"fusion-column-wrapper fusion-column-has-shadow fusion-flex-justify-content-flex-start fusion-content-layout-column\"><div class=\"fusion-separator fusion-full-width-sep\" style=\"align-self: center;margin-left: auto;margin-right: auto;margin-top:50px;width:100%;\"><\/div><div class=\"fusion-separator fusion-full-width-sep\" style=\"align-self: center;margin-left: auto;margin-right: auto;margin-top:50px;width:100%;\"><\/div><\/div><\/div><\/div><\/div><div class=\"fusion-fullwidth fullwidth-box fusion-builder-row-3 fusion-flex-container hundred-percent-fullwidth non-hundred-percent-height-scrolling fusion-no-large-visibility BoxPersoneNetwork\" style=\"--awb-border-radius-top-left:0px;--awb-border-radius-top-right:0px;--awb-border-radius-bottom-right:0px;--awb-border-radius-bottom-left:0px;--awb-padding-top:0px;--awb-padding-right:0%;--awb-padding-bottom:0px;--awb-padding-left:0%;--awb-margin-bottom:0px;--awb-min-height:300px px;--awb-background-color:#ffffff;--awb-flex-wrap:wrap;\" ><div class=\"fusion-builder-row fusion-row fusion-flex-align-items-flex-start fusion-flex-content-wrap\" style=\"width:104% !important;max-width:104% !important;margin-left: calc(-4% \/ 2 );margin-right: calc(-4% \/ 2 );\"><div class=\"fusion-layout-column fusion_builder_column fusion-builder-column-4 fusion_builder_column_1_1 1_1 fusion-flex-column fusion-flex-align-self-center\" style=\"--awb-padding-left:14%;--awb-padding-right-medium:20px;--awb-padding-left-medium:108px;--awb-padding-top-small:0px;--awb-padding-right-small:20px;--awb-padding-left-small:25px;--awb-bg-size:cover;--awb-width-large:100%;--awb-margin-top-large:0px;--awb-spacing-right-large:0%;--awb-margin-bottom-large:0px;--awb-spacing-left-large:0%;--awb-width-medium:100%;--awb-order-medium:0;--awb-spacing-right-medium:1.92%;--awb-spacing-left-medium:1.92%;--awb-width-small:100%;--awb-order-small:0;--awb-margin-top-small:0px;--awb-spacing-right-small:1.92%;--awb-spacing-left-small:1.92%;\"><div class=\"fusion-column-wrapper fusion-column-has-shadow fusion-flex-justify-content-flex-start fusion-content-layout-column\"><div class=\"fusion-separator fusion-full-width-sep\" style=\"align-self: center;margin-left: auto;margin-right: auto;margin-top:30px;width:100%;\"><\/div><div class=\"fusion-builder-row fusion-builder-row-inner fusion-row fusion-flex-align-items-flex-start fusion-flex-content-wrap\" style=\"--awb-flex-grow:0;--awb-flex-grow-medium:0;--awb-flex-grow-small:0;--awb-flex-shrink:0;--awb-flex-shrink-medium:0;--awb-flex-shrink-small:0;width:104% !important;max-width:104% !important;margin-left: calc(-4% \/ 2 );margin-right: calc(-4% \/ 2 );\"><div class=\"fusion-layout-column fusion_builder_column_inner fusion-builder-nested-column-6 fusion_builder_column_inner_1_4 1_4 fusion-flex-column\" style=\"--awb-bg-size:cover;--awb-width-large:25%;--awb-margin-top-large:0px;--awb-spacing-right-large:7.68%;--awb-margin-bottom-large:0px;--awb-spacing-left-large:7.68%;--awb-width-medium:16.666666666667%;--awb-order-medium:0;--awb-spacing-right-medium:11.52%;--awb-spacing-left-medium:11.52%;--awb-width-small:25%;--awb-order-small:0;--awb-spacing-right-small:7.68%;--awb-spacing-left-small:7.68%;\"><div class=\"fusion-column-wrapper fusion-column-has-shadow fusion-flex-justify-content-flex-start fusion-content-layout-column\"><div class=\"fusion-image-element md-text-align-left sm-text-align-left fusion-no-large-visibility\" style=\"text-align:center;--awb-max-width:100px;--awb-caption-title-font-family:var(--h2_typography-font-family);--awb-caption-title-font-weight:var(--h2_typography-font-weight);--awb-caption-title-font-style:var(--h2_typography-font-style);--awb-caption-title-size:var(--h2_typography-font-size);--awb-caption-title-transform:var(--h2_typography-text-transform);--awb-caption-title-line-height:var(--h2_typography-line-height);--awb-caption-title-letter-spacing:var(--h2_typography-letter-spacing);\"><span class=\" fusion-imageframe imageframe-none imageframe-3 hover-type-none\"><img decoding=\"async\" width=\"590\" height=\"590\" title=\"MTXBE_Branch\" src=\"https:\/\/www.metaltex.com\/wp-content\/uploads\/2023\/02\/MTXBE_Branch.png\" alt class=\"img-responsive wp-image-37213\" srcset=\"https:\/\/www.metaltex.com\/wp-content\/uploads\/2023\/02\/MTXBE_Branch-200x200.png 200w, https:\/\/www.metaltex.com\/wp-content\/uploads\/2023\/02\/MTXBE_Branch-400x400.png 400w, https:\/\/www.metaltex.com\/wp-content\/uploads\/2023\/02\/MTXBE_Branch.png 590w\" sizes=\"(max-width: 1024px) 100vw, (max-width: 640px) 100vw, 400px\" \/><\/span><\/div><div class=\"fusion-separator fusion-no-large-visibility fusion-full-width-sep\" style=\"align-self: center;margin-left: auto;margin-right: auto;margin-top:20px;width:100%;\"><\/div><\/div><\/div><div class=\"fusion-layout-column fusion_builder_column_inner fusion-builder-nested-column-7 fusion_builder_column_inner_3_4 3_4 fusion-flex-column\" style=\"--awb-bg-size:cover;--awb-width-large:75%;--awb-margin-top-large:0px;--awb-spacing-right-large:2.56%;--awb-margin-bottom-large:0px;--awb-spacing-left-large:0px;--awb-width-medium:50%;--awb-order-medium:0;--awb-spacing-right-medium:3.84%;--awb-spacing-left-medium:0px;--awb-width-small:75%;--awb-order-small:0;--awb-spacing-right-small:2.56%;--awb-spacing-left-small:0px;\"><div class=\"fusion-column-wrapper fusion-column-has-shadow fusion-flex-justify-content-center fusion-content-layout-column\"><div class=\"fusion-text fusion-text-6\" style=\"--awb-font-size:15px;--awb-line-height:1.5;--awb-text-transform:none;--awb-text-color:var(--awb-custom11);--awb-margin-right:0px;\"><p>OFFIZIELLE METALTEX-NIEDERLASSUNG IN BELGIEN UND LUXEMBURG<\/p>\n<\/div><\/div><\/div><\/div><div class=\"fusion-separator fusion-full-width-sep\" style=\"align-self: center;margin-left: auto;margin-right: auto;margin-top:30px;width:100%;\"><\/div><\/div><\/div><\/div><\/div><\/p>\n","protected":false},"excerpt":{"rendered":"","protected":false},"author":4,"featured_media":0,"parent":53933,"menu_order":0,"comment_status":"closed","ping_status":"closed","template":"100-width.php","meta":{"footnotes":""},"class_list":["post-54113","page","type-page","status-publish","hentry"],"_links":{"self":[{"href":"https:\/\/www.metaltex.com\/de\/wp-json\/wp\/v2\/pages\/54113","targetHints":{"allow":["GET"]}}],"collection":[{"href":"https:\/\/www.metaltex.com\/de\/wp-json\/wp\/v2\/pages"}],"about":[{"href":"https:\/\/www.metaltex.com\/de\/wp-json\/wp\/v2\/types\/page"}],"author":[{"embeddable":true,"href":"https:\/\/www.metaltex.com\/de\/wp-json\/wp\/v2\/users\/4"}],"replies":[{"embeddable":true,"href":"https:\/\/www.metaltex.com\/de\/wp-json\/wp\/v2\/comments?post=54113"}],"version-history":[{"count":0,"href":"https:\/\/www.metaltex.com\/de\/wp-json\/wp\/v2\/pages\/54113\/revisions"}],"up":[{"embeddable":true,"href":"https:\/\/www.metaltex.com\/de\/wp-json\/wp\/v2\/pages\/53933"}],"wp:attachment":[{"href":"https:\/\/www.metaltex.com\/de\/wp-json\/wp\/v2\/media?parent=54113"}],"curies":[{"name":"wp","href":"https:\/\/api.w.org\/{rel}","templated":true}]}}