{"id":53977,"date":"2016-07-14T02:28:51","date_gmt":"2016-07-14T02:28:51","guid":{"rendered":"https:\/\/www.metaltex.com\/contact-us\/"},"modified":"2023-07-05T14:32:52","modified_gmt":"2023-07-05T12:32:52","slug":"kontakt","status":"publish","type":"page","link":"https:\/\/www.metaltex.com\/de\/kontakt\/","title":{"rendered":"KONTAKT"},"content":{"rendered":"<div class=\"fusion-fullwidth fullwidth-box fusion-builder-row-1 fusion-flex-container nonhundred-percent-fullwidth non-hundred-percent-height-scrolling\" style=\"--awb-background-position:left top;--awb-border-sizes-top:0px;--awb-border-sizes-bottom:0px;--awb-border-sizes-left:0px;--awb-border-sizes-right:0px;--awb-border-radius-top-left:0px;--awb-border-radius-top-right:0px;--awb-border-radius-bottom-right:0px;--awb-border-radius-bottom-left:0px;--awb-padding-top:90px;--awb-padding-bottom:100px;--awb-padding-top-medium:30px;--awb-padding-bottom-medium:70px;--awb-padding-right-small:40px;--awb-padding-left-small:40px;--awb-flex-wrap:wrap;\" id=\"contact\" ><div class=\"fusion-builder-row fusion-row fusion-flex-align-items-flex-start fusion-flex-content-wrap\" style=\"max-width:1352px;margin-left: calc(-4% \/ 2 );margin-right: calc(-4% \/ 2 );\"><div class=\"fusion-layout-column fusion_builder_column fusion-builder-column-0 fusion_builder_column_1_5 1_5 fusion-flex-column\" style=\"--awb-bg-size:cover;--awb-width-large:20%;--awb-margin-top-large:0px;--awb-spacing-right-large:9.6%;--awb-margin-bottom-large:0px;--awb-spacing-left-large:9.6%;--awb-width-medium:100%;--awb-spacing-right-medium:1.92%;--awb-spacing-left-medium:1.92%;--awb-width-small:100%;--awb-spacing-right-small:1.92%;--awb-spacing-left-small:1.92%;\"><div class=\"fusion-column-wrapper fusion-flex-justify-content-flex-start fusion-content-layout-column\"><div class=\"fusion-separator fusion-full-width-sep\" style=\"align-self: center;margin-left: auto;margin-right: auto;margin-top:1px;width:100%;\"><\/div><\/div><\/div><div class=\"fusion-layout-column fusion_builder_column fusion-builder-column-1 fusion_builder_column_3_5 3_5 fusion-flex-column\" style=\"--awb-bg-size:cover;--awb-width-large:60%;--awb-margin-top-large:0px;--awb-spacing-right-large:3.2%;--awb-margin-bottom-large:0px;--awb-spacing-left-large:3.2%;--awb-width-medium:100%;--awb-spacing-right-medium:1.92%;--awb-margin-bottom-medium:30px;--awb-spacing-left-medium:1.92%;--awb-width-small:100%;--awb-spacing-right-small:1.92%;--awb-spacing-left-small:1.92%;\"><div class=\"fusion-column-wrapper fusion-flex-justify-content-flex-start fusion-content-layout-column\"><\/div><\/div><div class=\"fusion-layout-column fusion_builder_column fusion-builder-column-2 fusion_builder_column_1_5 1_5 fusion-flex-column\" style=\"--awb-bg-size:cover;--awb-width-large:20%;--awb-margin-top-large:0px;--awb-spacing-right-large:9.6%;--awb-margin-bottom-large:0px;--awb-spacing-left-large:9.6%;--awb-width-medium:100%;--awb-spacing-right-medium:1.92%;--awb-spacing-left-medium:1.92%;--awb-width-small:100%;--awb-spacing-right-small:1.92%;--awb-spacing-left-small:1.92%;\"><div class=\"fusion-column-wrapper fusion-flex-justify-content-flex-start fusion-content-layout-column\"><div class=\"fusion-separator fusion-full-width-sep\" style=\"align-self: center;margin-left: auto;margin-right: auto;margin-top:1px;width:100%;\"><\/div><\/div><\/div><div class=\"fusion-layout-column fusion_builder_column fusion-builder-column-3 fusion_builder_column_1_4 1_4 fusion-flex-column\" style=\"--awb-bg-size:cover;--awb-width-large:25%;--awb-margin-top-large:0px;--awb-spacing-right-large:7.68%;--awb-margin-bottom-large:0px;--awb-spacing-left-large:7.68%;--awb-width-medium:100%;--awb-spacing-right-medium:1.92%;--awb-spacing-left-medium:1.92%;--awb-width-small:100%;--awb-spacing-right-small:1.92%;--awb-spacing-left-small:1.92%;\"><div class=\"fusion-column-wrapper fusion-flex-justify-content-flex-start fusion-content-layout-column\"><div class=\"fusion-separator fusion-full-width-sep\" style=\"align-self: center;margin-left: auto;margin-right: auto;margin-top:1px;width:100%;\"><\/div><\/div><\/div><div class=\"fusion-layout-column fusion_builder_column fusion-builder-column-4 fusion_builder_column_1_2 1_2 fusion-flex-column contact-form-column\" style=\"--awb-bg-size:cover;--awb-width-large:50%;--awb-margin-top-large:0px;--awb-spacing-right-large:3.84%;--awb-margin-bottom-large:0px;--awb-spacing-left-large:3.84%;--awb-width-medium:100%;--awb-order-medium:0;--awb-spacing-right-medium:1.92%;--awb-spacing-left-medium:1.92%;--awb-width-small:100%;--awb-order-small:0;--awb-spacing-right-small:1.92%;--awb-spacing-left-small:1.92%;\" data-scroll-devices=\"small-visibility,medium-visibility,large-visibility\"><div class=\"fusion-column-wrapper fusion-column-has-shadow fusion-flex-justify-content-flex-start fusion-content-layout-column\">\n<div class=\"wpcf7 no-js\" id=\"wpcf7-f54109-o1\" lang=\"de-DE\" dir=\"ltr\" data-wpcf7-id=\"54109\">\n<div class=\"screen-reader-response\"><p role=\"status\" aria-live=\"polite\" aria-atomic=\"true\"><\/p> <ul><\/ul><\/div>\n<form action=\"\/de\/wp-json\/wp\/v2\/pages\/53977#wpcf7-f54109-o1\" method=\"post\" class=\"wpcf7-form init\" aria-label=\"Kontaktformular\" enctype=\"multipart\/form-data\" novalidate=\"novalidate\" data-status=\"init\">\n<fieldset class=\"hidden-fields-container\"><input type=\"hidden\" name=\"_wpcf7\" value=\"54109\" \/><input type=\"hidden\" name=\"_wpcf7_version\" value=\"6.1.5\" \/><input type=\"hidden\" name=\"_wpcf7_locale\" value=\"de_DE\" \/><input type=\"hidden\" name=\"_wpcf7_unit_tag\" value=\"wpcf7-f54109-o1\" \/><input type=\"hidden\" name=\"_wpcf7_container_post\" value=\"0\" \/><input type=\"hidden\" name=\"_wpcf7_posted_data_hash\" value=\"\" \/><input type=\"hidden\" name=\"_wpcf7_recaptcha_response\" value=\"\" \/>\n<\/fieldset>\n<p>Thema* <span class=\"wpcf7-form-control-wrap\" data-name=\"your-recipient\"><select class=\"wpcf7-form-control wpcf7-select wpcf7-validates-as-required\" aria-required=\"true\" aria-invalid=\"false\" name=\"your-recipient\"><option value=\"\">&#8211; Bitte ausw\u00e4hlen &#8211;<\/option><option value=\"Allgemeine Informationen\">Allgemeine Informationen<\/option><option value=\"Kundenservice\">Kundenservice<\/option><option value=\"Produktvorschl\u00e4ge\">Produktvorschl\u00e4ge<\/option><option value=\"Berufschancen\">Berufschancen<\/option><option value=\"Gro\u00dfhandelsanfragen\">Gro\u00dfhandelsanfragen<\/option><\/select><\/span>\n<\/p>\n<div class=\"contacts\">\n\t<p>Vollst\u00e4ndiger Name* <span class=\"wpcf7-form-control-wrap\" data-name=\"your-name\"><input size=\"40\" maxlength=\"400\" class=\"wpcf7-form-control wpcf7-text wpcf7-validates-as-required\" aria-required=\"true\" aria-invalid=\"false\" value=\"\" type=\"text\" name=\"your-name\" \/><\/span>\n\t<\/p>\n\t<p>Unternehmen <span class=\"wpcf7-form-control-wrap\" data-name=\"your-company\"><input size=\"40\" maxlength=\"400\" class=\"wpcf7-form-control wpcf7-text\" aria-invalid=\"false\" value=\"\" type=\"text\" name=\"your-company\" \/><\/span>\n\t<\/p>\n\t<p>Land* <span class=\"wpcf7-form-control-wrap\" data-name=\"your-country\"><select class=\"wpcf7-form-control wpcf7-select wpcf7-validates-as-required\" aria-required=\"true\" aria-invalid=\"false\" name=\"your-country\"><option value=\"W\u00e4hle dein Land\">W\u00e4hle dein Land<\/option><option value=\"Afghanistan\">Afghanistan<\/option><option value=\"\u00c4gypten\">\u00c4gypten<\/option><option value=\"Albanien\">Albanien<\/option><option value=\"Algerien\">Algerien<\/option><option value=\"Amerikanisch-Samoa\">Amerikanisch-Samoa<\/option><option value=\"Andorra\">Andorra<\/option><option value=\"Angola\">Angola<\/option><option value=\"Antigua und Barbuda\">Antigua und Barbuda<\/option><option value=\"\u00c4quatorialguinea\">\u00c4quatorialguinea<\/option><option value=\"Argentinien\">Argentinien<\/option><option value=\"Armenien\">Armenien<\/option><option value=\"Aruba\">Aruba<\/option><option value=\"Aserbaidschan\">Aserbaidschan<\/option><option value=\"\u00c4thiopien\">\u00c4thiopien<\/option><option value=\"Australien\">Australien<\/option><option value=\"Bahamas\">Bahamas<\/option><option value=\"Bahrain\">Bahrain<\/option><option value=\"Bangladesch\">Bangladesch<\/option><option value=\"Barbados\">Barbados<\/option><option value=\"Belarus\">Belarus<\/option><option value=\"Belgien\">Belgien<\/option><option value=\"Belize\">Belize<\/option><option value=\"Benin\">Benin<\/option><option value=\"Bermuda\">Bermuda<\/option><option value=\"Bhutan\">Bhutan<\/option><option value=\"Bolivien, Plurinationaler Staat\">Bolivien, Plurinationaler Staat<\/option><option value=\"Bosnien und Herzegowina\">Bosnien und Herzegowina<\/option><option value=\"Botswana\">Botswana<\/option><option value=\"Brasilien\">Brasilien<\/option><option value=\"Brunei Darussalam\">Brunei Darussalam<\/option><option value=\"Bulgarien\">Bulgarien<\/option><option value=\"Burkina Faso\">Burkina Faso<\/option><option value=\"Burundi\">Burundi<\/option><option value=\"Chile\">Chile<\/option><option value=\"China\">China<\/option><option value=\"Cookinseln\">Cookinseln<\/option><option value=\"Costa Rica\">Costa Rica<\/option><option value=\"D\u00e4nemark\">D\u00e4nemark<\/option><option value=\"Deutschland\">Deutschland<\/option><option value=\"Dominica\">Dominica<\/option><option value=\"Dominikanische Republik\">Dominikanische Republik<\/option><option value=\"Dschibuti\">Dschibuti<\/option><option value=\"Ecuador\">Ecuador<\/option><option value=\"Elfenbeink\u00fcste\">Elfenbeink\u00fcste<\/option><option value=\"El Salvador\">El Salvador<\/option><option value=\"Eritrea\">Eritrea<\/option><option value=\"Estland\">Estland<\/option><option value=\"Fidschi\">Fidschi<\/option><option value=\"Finnland\">Finnland<\/option><option value=\"Frankreich\">Frankreich<\/option><option value=\"Gabun\">Gabun<\/option><option value=\"Gambia\">Gambia<\/option><option value=\"Georgien\">Georgien<\/option><option value=\"Ghana\">Ghana<\/option><option value=\"Grenada\">Grenada<\/option><option value=\"Griechenland\">Griechenland<\/option><option value=\"Guam\">Guam<\/option><option value=\"Guatemala\">Guatemala<\/option><option value=\"Guinea\">Guinea<\/option><option value=\"Guinea-Bissau\">Guinea-Bissau<\/option><option value=\"Guyana\">Guyana<\/option><option value=\"Haiti\">Haiti<\/option><option value=\"Honduras\">Honduras<\/option><option value=\"Hongkong\">Hongkong<\/option><option value=\"Indien\">Indien<\/option><option value=\"Indonesien\">Indonesien<\/option><option value=\"Irak\">Irak<\/option><option value=\"Iran\">Iran<\/option><option value=\"Irland\">Irland<\/option><option value=\"Island\">Island<\/option><option value=\"Israel\">Israel<\/option><option value=\"Italien\">Italien<\/option><option value=\"Jamaika\">Jamaika<\/option><option value=\"Japan\">Japan<\/option><option value=\"Jemen\">Jemen<\/option><option value=\"Jordanien\">Jordanien<\/option><option value=\"Jungferninseln, USA\">Jungferninseln, USA<\/option><option value=\"Kaimaninseln\">Kaimaninseln<\/option><option value=\"Kambodscha\">Kambodscha<\/option><option value=\"Kamerun\">Kamerun<\/option><option value=\"Kanada\">Kanada<\/option><option value=\"Kap Verde\">Kap Verde<\/option><option value=\"Kasachstan\">Kasachstan<\/option><option value=\"Katar\">Katar<\/option><option value=\"Kenia\">Kenia<\/option><option value=\"Kirgisistan\">Kirgisistan<\/option><option value=\"Kiribati\">Kiribati<\/option><option value=\"Kolumbien\">Kolumbien<\/option><option value=\"Komoren\">Komoren<\/option><option value=\"Kongo, Demokratische Republik\">Kongo, Demokratische Republik<\/option><option value=\"Kongo, Republik\">Kongo, Republik<\/option><option value=\"Korea, Demokratische Volksrepublik\">Korea, Demokratische Volksrepublik<\/option><option value=\"Korea, Republik\">Korea, Republik<\/option><option value=\"Kroatien\">Kroatien<\/option><option value=\"Kuba\">Kuba<\/option><option value=\"Kuwait\">Kuwait<\/option><option value=\"Laos, Demokratische Volksrepublik\">Laos, Demokratische Volksrepublik<\/option><option value=\"Lesotho\">Lesotho<\/option><option value=\"Lettland\">Lettland<\/option><option value=\"Libanon\">Libanon<\/option><option value=\"Liberia\">Liberia<\/option><option value=\"Libyen\">Libyen<\/option><option value=\"Liechtenstein\">Liechtenstein<\/option><option value=\"Litauen\">Litauen<\/option><option value=\"Luxemburg\">Luxemburg<\/option><option value=\"Madagaskar\">Madagaskar<\/option><option value=\"Malawi\">Malawi<\/option><option value=\"Malaysia\">Malaysia<\/option><option value=\"Malediven\">Malediven<\/option><option value=\"Mali\">Mali<\/option><option value=\"Malta\">Malta<\/option><option value=\"Marokko\">Marokko<\/option><option value=\"Marshallinseln\">Marshallinseln<\/option><option value=\"Mauretanien\">Mauretanien<\/option><option value=\"Mauritius\">Mauritius<\/option><option value=\"Mazedonien, Republik\">Mazedonien, Republik<\/option><option value=\"Mexiko\">Mexiko<\/option><option value=\"Mikronesien, F\u00f6derierte Staaten\">Mikronesien, F\u00f6derierte Staaten<\/option><option value=\"Moldawien, Republik\">Moldawien, Republik<\/option><option value=\"Monaco\">Monaco<\/option><option value=\"Mongolei\">Mongolei<\/option><option value=\"Montenegro\">Montenegro<\/option><option value=\"Mosambik\">Mosambik<\/option><option value=\"Myanmar\">Myanmar<\/option><option value=\"Namibia\">Namibia<\/option><option value=\"Nauru\">Nauru<\/option><option value=\"Nepal\">Nepal<\/option><option value=\"Neuseeland\">Neuseeland<\/option><option value=\"Nicaragua\">Nicaragua<\/option><option value=\"Niederlande\">Niederlande<\/option><option value=\"Niger\">Niger<\/option><option value=\"Nigeria\">Nigeria<\/option><option value=\"Norwegen\">Norwegen<\/option><option value=\"Oman\">Oman<\/option><option value=\"\u00d6sterreich\">\u00d6sterreich<\/option><option value=\"Pakistan\">Pakistan<\/option><option value=\"Pal\u00e4stina, Staat\">Pal\u00e4stina, Staat<\/option><option value=\"Palau\">Palau<\/option><option value=\"Panama\">Panama<\/option><option value=\"Papua-Neuguinea\">Papua-Neuguinea<\/option><option value=\"Paraguay\">Paraguay<\/option><option value=\"Peru\">Peru<\/option><option value=\"Philippinen\">Philippinen<\/option><option value=\"Polen\">Polen<\/option><option value=\"Portugal\">Portugal<\/option><option value=\"Puerto Rico\">Puerto Rico<\/option><option value=\"Ruanda\">Ruanda<\/option><option value=\"Rum\u00e4nien\">Rum\u00e4nien<\/option><option value=\"Russland, Russische F\u00f6deration\">Russland, Russische F\u00f6deration<\/option><option value=\"Salomonen\">Salomonen<\/option><option value=\"Sambia\">Sambia<\/option><option value=\"Samoa\">Samoa<\/option><option value=\"San Marino\">San Marino<\/option><option value=\"Sao Tome und Principe\">Sao Tome und Principe<\/option><option value=\"Saudi-Arabien\">Saudi-Arabien<\/option><option value=\"Schweden\">Schweden<\/option><option value=\"Schweiz\">Schweiz<\/option><option value=\"Senegal\">Senegal<\/option><option value=\"Serbien\">Serbien<\/option><option value=\"Seychellen\">Seychellen<\/option><option value=\"Sierra Leone\">Sierra Leone<\/option><option value=\"Simbabwe\">Simbabwe<\/option><option value=\"Singapur\">Singapur<\/option><option value=\"Slowakei\">Slowakei<\/option><option value=\"Slowenien\">Slowenien<\/option><option value=\"Somalia\">Somalia<\/option><option value=\"Spanien\">Spanien<\/option><option value=\"Sri Lanka\">Sri Lanka<\/option><option value=\"St. Kitts und Nevis\">St. Kitts und Nevis<\/option><option value=\"St. Lucia\">St. Lucia<\/option><option value=\"St. Vincent und die Grenadinen\">St. Vincent und die Grenadinen<\/option><option value=\"S\u00fcdafrika\">S\u00fcdafrika<\/option><option value=\"Sudan\">Sudan<\/option><option value=\"Suriname\">Suriname<\/option><option value=\"Swasiland\">Swasiland<\/option><option value=\"Syrien, Arabische Republik\">Syrien, Arabische Republik<\/option><option value=\"Tadschikistan\">Tadschikistan<\/option><option value=\"Taiwan, Republik China\">Taiwan, Republik China<\/option><option value=\"Tansania, Vereinigte Republik\">Tansania, Vereinigte Republik<\/option><option value=\"Thailand\">Thailand<\/option><option value=\"Timor-Leste\">Timor-Leste<\/option><option value=\"Togo\">Togo<\/option><option value=\"Tonga\">Tonga<\/option><option value=\"Trinidad und Tobago\">Trinidad und Tobago<\/option><option value=\"Tschad\">Tschad<\/option><option value=\"Tschechische Republik\">Tschechische Republik<\/option><option value=\"Tunesien\">Tunesien<\/option><option value=\"T\u00fcrkei\">T\u00fcrkei<\/option><option value=\"Turkmenistan\">Turkmenistan<\/option><option value=\"Tuvalu\">Tuvalu<\/option><option value=\"Uganda\">Uganda<\/option><option value=\"Ukraine\">Ukraine<\/option><option value=\"Ungarn\">Ungarn<\/option><option value=\"Uruguay\">Uruguay<\/option><option value=\"Usbekistan\">Usbekistan<\/option><option value=\"Vanuatu\">Vanuatu<\/option><option value=\"Venezuela\">Venezuela<\/option><option value=\"Vereinigte Arabische Emirate\">Vereinigte Arabische Emirate<\/option><option value=\"Vereinigte Staaten von Amerika (USA)\">Vereinigte Staaten von Amerika (USA)<\/option><option value=\"Vereinigtes K\u00f6nigreich\">Vereinigtes K\u00f6nigreich<\/option><option value=\"Vietnam\">Vietnam<\/option><option value=\"Zentralafrikanische Republik\">Zentralafrikanische Republik<\/option><option value=\"Zypern\">Zypern<\/option><\/select><\/span>\n\t<\/p>\n\t<p>E-Mail* <span class=\"wpcf7-form-control-wrap\" data-name=\"your-email\"><input size=\"40\" maxlength=\"400\" class=\"wpcf7-form-control wpcf7-email wpcf7-validates-as-required wpcf7-text wpcf7-validates-as-email\" aria-required=\"true\" aria-invalid=\"false\" value=\"\" type=\"email\" name=\"your-email\" \/><\/span>\n\t<\/p>\n\t<p>Telefon<span class=\"wpcf7-form-control-wrap\" data-name=\"your-phone\"><input size=\"40\" maxlength=\"400\" class=\"wpcf7-form-control wpcf7-text\" aria-invalid=\"false\" value=\"\" type=\"text\" name=\"your-phone\" \/><\/span>\n\t<\/p>\n\t<p>Nachricht*<span class=\"wpcf7-form-control-wrap\" data-name=\"your-message\"><textarea cols=\"40\" rows=\"10\" maxlength=\"2000\" class=\"wpcf7-form-control wpcf7-textarea\" aria-invalid=\"false\" name=\"your-message\"><\/textarea><\/span>\n\t<\/p>\n\t<p>*Erforderliche Felder\n\t<\/p>\n\t<p class=\"form-attachment-label\">Anh\u00e4nge <span> (maximale Dateigr\u00f6\u00dfe 16 MB)<\/span><div id=\"mfcf7_zl_multifilecontainer\"><span class=\"mfcf7-zl-multiline-sample\" style=\"display:none\"><p class=\"wpcf7-form-control-wrap multilinefile-743\"><input size=\"40\" class=\"wpcf7-form-control wpcf7-multilinefile\" multiple=\"multiple\" value=\"Upload\" aria-invalid=\"false\" type=\"file\" name=\"multilinefile-743[]\" \/> <span class=\"mfcf7-zl-multifile-name\"><\/span><a href=\"javascript:void(0);\" class=\"mfcf7_zl_delete_file\"><span class=\"delete-file\" aria-hidden=\"true\">&#x274C;<\/span><\/a><\/p><\/span><\/div><span class=\"wpcf7-form-control-wrap zl-form-control-wrap multilinefile-743\"><input size=\"40\" class=\"wpcf7-form-control wpcf7-multilinefile\" multiple=\"multiple\" value=\"Upload\" aria-invalid=\"false\" type=\"file\" name=\"multilinefile-743[]\" \/> <span class=\"mfcf7-zl-multifile-name\"><\/span><a href=\"javascript:void(0);\" class=\"mfcf7_zl_delete_file\"><span class=\"delete-file\" aria-hidden=\"true\">&#x274C;<\/span><\/a><\/span><p><label><span class=\"wpcf7-form-control-wrap\" data-name=\"multilinefile-743-zl-mfcf7-upld-btn\"><input type=\"button\" name=\"multilinefile-743-zl-mfcf7-upld-btn\" class=\"button button-primary qbutton\" id=\"mfcf7_zl_add_file\" value=\"Upload\"><\/span><\/label><\/p>\n\t<\/p>\n\t<p><input class=\"wpcf7-form-control wpcf7-submit has-spinner\" type=\"submit\" value=\"SENDEN\" \/>\n\t<\/p>\n<\/div><div class=\"fusion-alert alert custom alert-custom fusion-alert-center wpcf7-response-output fusion-alert-capitalize awb-alert-native-link-color alert-dismissable awb-alert-close-boxed\" style=\"--awb-border-top-left-radius:0px;--awb-border-top-right-radius:0px;--awb-border-bottom-left-radius:0px;--awb-border-bottom-right-radius:0px;\" role=\"alert\"><div class=\"fusion-alert-content-wrapper\"><span class=\"fusion-alert-content\"><\/span><\/div><button type=\"button\" class=\"close toggle-alert\" data-dismiss=\"alert\" aria-label=\"Close\">&times;<\/button><\/div>\n<\/form>\n<\/div>\n<\/div><\/div><div class=\"fusion-layout-column fusion_builder_column fusion-builder-column-5 fusion_builder_column_1_4 1_4 fusion-flex-column\" style=\"--awb-bg-size:cover;--awb-width-large:25%;--awb-margin-top-large:0px;--awb-spacing-right-large:7.68%;--awb-margin-bottom-large:0px;--awb-spacing-left-large:7.68%;--awb-width-medium:100%;--awb-spacing-right-medium:1.92%;--awb-spacing-left-medium:1.92%;--awb-width-small:100%;--awb-spacing-right-small:1.92%;--awb-spacing-left-small:1.92%;\"><div class=\"fusion-column-wrapper fusion-flex-justify-content-flex-start fusion-content-layout-column\"><div class=\"fusion-separator fusion-full-width-sep\" style=\"align-self: center;margin-left: auto;margin-right: auto;margin-top:1px;width:100%;\"><\/div><\/div><\/div><\/div><\/div>\n","protected":false},"excerpt":{"rendered":"","protected":false},"author":1,"featured_media":0,"parent":0,"menu_order":0,"comment_status":"closed","ping_status":"closed","template":"100-width.php","meta":{"footnotes":""},"class_list":["post-53977","page","type-page","status-publish","hentry"],"_links":{"self":[{"href":"https:\/\/www.metaltex.com\/de\/wp-json\/wp\/v2\/pages\/53977","targetHints":{"allow":["GET"]}}],"collection":[{"href":"https:\/\/www.metaltex.com\/de\/wp-json\/wp\/v2\/pages"}],"about":[{"href":"https:\/\/www.metaltex.com\/de\/wp-json\/wp\/v2\/types\/page"}],"author":[{"embeddable":true,"href":"https:\/\/www.metaltex.com\/de\/wp-json\/wp\/v2\/users\/1"}],"replies":[{"embeddable":true,"href":"https:\/\/www.metaltex.com\/de\/wp-json\/wp\/v2\/comments?post=53977"}],"version-history":[{"count":0,"href":"https:\/\/www.metaltex.com\/de\/wp-json\/wp\/v2\/pages\/53977\/revisions"}],"wp:attachment":[{"href":"https:\/\/www.metaltex.com\/de\/wp-json\/wp\/v2\/media?parent=53977"}],"curies":[{"name":"wp","href":"https:\/\/api.w.org\/{rel}","templated":true}]}}