{"id":53914,"date":"2022-11-16T14:50:38","date_gmt":"2022-11-16T13:50:38","guid":{"rendered":"https:\/\/www.metaltex.com\/faq\/"},"modified":"2023-07-04T10:49:35","modified_gmt":"2023-07-04T08:49:35","slug":"faq","status":"publish","type":"page","link":"https:\/\/www.metaltex.com\/de\/faq\/","title":{"rendered":"FAQ"},"content":{"rendered":"<div class=\"fusion-fullwidth fullwidth-box fusion-builder-row-1 fusion-flex-container nonhundred-percent-fullwidth non-hundred-percent-height-scrolling\" style=\"--awb-border-radius-top-left:0px;--awb-border-radius-top-right:0px;--awb-border-radius-bottom-right:0px;--awb-border-radius-bottom-left:0px;--awb-padding-top:50px;--awb-padding-bottom:60px;--awb-padding-right-small:40px;--awb-padding-left-small:40px;--awb-flex-wrap:wrap;\" ><div class=\"fusion-builder-row fusion-row fusion-flex-align-items-flex-start fusion-flex-content-wrap\" style=\"max-width:1352px;margin-left: calc(-4% \/ 2 );margin-right: calc(-4% \/ 2 );\"><div class=\"fusion-layout-column fusion_builder_column fusion-builder-column-0 fusion_builder_column_1_1 1_1 fusion-flex-column\" style=\"--awb-padding-top:40px;--awb-padding-bottom:10px;--awb-padding-top-small:0px;--awb-bg-size:cover;--awb-width-large:100%;--awb-margin-top-large:0px;--awb-spacing-right-large:1.92%;--awb-margin-bottom-large:0px;--awb-spacing-left-large:1.92%;--awb-width-medium:100%;--awb-order-medium:0;--awb-spacing-right-medium:1.92%;--awb-spacing-left-medium:1.92%;--awb-width-small:100%;--awb-order-small:0;--awb-spacing-right-small:1.92%;--awb-spacing-left-small:1.92%;\"><div class=\"fusion-column-wrapper fusion-column-has-shadow fusion-flex-justify-content-flex-start fusion-content-layout-column\"><div class=\"fusion-text fusion-text-1 fs-sm-18\" style=\"--awb-font-size:22px;--awb-text-transform:none;\"><p>Im Laufe der Zeit haben wir von unseren Kunden einige Fragen zu unseren Produkten erhalten. Um noch mehr Menschen einfach ihre Zweifel auszur\u00e4umen, ver\u00f6ffentlichen wir auf dieser Seite die am h\u00e4ufigsten gestellten Fragen.<\/p>\n<\/div><\/div><\/div><div class=\"fusion-layout-column fusion_builder_column fusion-builder-column-1 fusion_builder_column_1_1 1_1 fusion-flex-column faq-grigio\" style=\"--awb-bg-size:cover;--awb-width-large:100%;--awb-margin-top-large:30px;--awb-spacing-right-large:1.92%;--awb-margin-bottom-large:0px;--awb-spacing-left-large:1.92%;--awb-width-medium:100%;--awb-order-medium:0;--awb-spacing-right-medium:1.92%;--awb-spacing-left-medium:1.92%;--awb-width-small:100%;--awb-order-small:0;--awb-spacing-right-small:1.92%;--awb-spacing-left-small:1.92%;\"><div class=\"fusion-column-wrapper fusion-column-has-shadow fusion-flex-justify-content-flex-start fusion-content-layout-column\"><div class=\"fusion-title title fusion-title-1 fusion-sep-none fusion-title-text fusion-title-size-one\" style=\"--awb-margin-top-small:20px;--awb-margin-right-small:0px;--awb-margin-bottom-small:20px;--awb-margin-left-small:0px;--awb-font-size:42px;\"><h1 class=\"fusion-title-heading title-heading-left\" style=\"margin:0;font-size:1em;\">Allgemeine Fragen<\/h1><\/div><\/div><\/div><div class=\"fusion-layout-column fusion_builder_column fusion-builder-column-2 fusion_builder_column_1_1 1_1 fusion-flex-column\" style=\"--awb-bg-size:cover;--awb-width-large:100%;--awb-margin-top-large:0px;--awb-spacing-right-large:1.92%;--awb-margin-bottom-large:0px;--awb-spacing-left-large:1.92%;--awb-width-medium:100%;--awb-order-medium:0;--awb-spacing-right-medium:1.92%;--awb-spacing-left-medium:1.92%;--awb-width-small:100%;--awb-order-small:0;--awb-spacing-right-small:1.92%;--awb-spacing-left-small:1.92%;\"><div class=\"fusion-column-wrapper fusion-column-has-shadow fusion-flex-justify-content-flex-start fusion-content-layout-column\"><div class=\"accordian fusion-accordian faq-accordion\" style=\"--awb-border-size:1px;--awb-icon-size:25px;--awb-content-font-size:18px;--awb-icon-alignment:left;--awb-hover-color:#f9f9f9;--awb-border-color:#cccccc;--awb-background-color:#ffffff;--awb-divider-color:#e0dede;--awb-divider-hover-color:#e0dede;--awb-icon-color:#333333;--awb-title-color:#333333;--awb-content-color:#333333;--awb-icon-box-color:#333333;--awb-toggle-hover-accent-color:#333333;--awb-title-font-family:&quot;Myriad Pro - Semibold&quot;;--awb-title-font-weight:400;--awb-title-font-style:normal;--awb-title-font-size:22px;--awb-content-font-family:&quot;Roboto&quot;;--awb-content-font-style:normal;--awb-content-font-weight:400;\"><div class=\"panel-group fusion-toggle-icon-unboxed\" id=\"accordion-53914-1\"><div class=\"fusion-panel panel-default panel-2966b44e4248b23e3 fusion-toggle-has-divider\"><div class=\"panel-heading\"><h4 class=\"panel-title toggle\" id=\"toggle_2966b44e4248b23e3\"><a aria-expanded=\"false\" aria-controls=\"2966b44e4248b23e3\" role=\"button\" data-toggle=\"collapse\" data-parent=\"#accordion-53914-1\" data-target=\"#2966b44e4248b23e3\" href=\"#2966b44e4248b23e3\"><span class=\"fusion-toggle-icon-wrapper\" aria-hidden=\"true\"><i class=\"fa-fusion-box active-icon awb-icon-minus\" aria-hidden=\"true\"><\/i><i class=\"fa-fusion-box inactive-icon awb-icon-plus\" aria-hidden=\"true\"><\/i><\/span><span class=\"fusion-toggle-heading\">Wo finde ich Metaltex-Produkte?<\/span><\/a><\/h4><\/div><div id=\"2966b44e4248b23e3\" class=\"panel-collapse collapse \" aria-labelledby=\"toggle_2966b44e4248b23e3\"><div class=\"panel-body toggle-content fusion-clearfix\">Wir haben keinen eigenen Online-Shop, aber unsere Produkte sind weit verbreitet und auch \u00fcber Onlineh\u00e4ndler leicht zu finden.<\/div><\/div><\/div><div class=\"fusion-panel panel-default panel-8cb67bc074eea8778 fusion-toggle-has-divider\"><div class=\"panel-heading\"><h4 class=\"panel-title toggle\" id=\"toggle_8cb67bc074eea8778\"><a aria-expanded=\"false\" aria-controls=\"8cb67bc074eea8778\" role=\"button\" data-toggle=\"collapse\" data-parent=\"#accordion-53914-1\" data-target=\"#8cb67bc074eea8778\" href=\"#8cb67bc074eea8778\"><span class=\"fusion-toggle-icon-wrapper\" aria-hidden=\"true\"><i class=\"fa-fusion-box active-icon awb-icon-minus\" aria-hidden=\"true\"><\/i><i class=\"fa-fusion-box inactive-icon awb-icon-plus\" aria-hidden=\"true\"><\/i><\/span><span class=\"fusion-toggle-heading\">Haben Metaltex-Produkte eine 2-Jahres-Garantie?<\/span><\/a><\/h4><\/div><div id=\"8cb67bc074eea8778\" class=\"panel-collapse collapse \" aria-labelledby=\"toggle_8cb67bc074eea8778\"><div class=\"panel-body toggle-content fusion-clearfix\">Ja, alle unsere Produkte verf\u00fcgen \u00fcber die gesetzlich vorgeschriebene Mindestgarantie. Dar\u00fcber hinaus haben einige unserer Aufbewahrungs- und Organisationsprodukte eine Garantie von bis zu 6 Jahren. F\u00fcr genauere Informationen zu diesem Thema lesen Sie bitte unsere <a href=\"https:\/\/www.metaltex.com\/de\/verbraucherinformationen\/\">Garantiebedingungen<\/a><\/div><\/div><\/div><div class=\"fusion-panel panel-default panel-49b36727c01b193d8 fusion-toggle-has-divider\"><div class=\"panel-heading\"><h4 class=\"panel-title toggle\" id=\"toggle_49b36727c01b193d8\"><a aria-expanded=\"false\" aria-controls=\"49b36727c01b193d8\" role=\"button\" data-toggle=\"collapse\" data-parent=\"#accordion-53914-1\" data-target=\"#49b36727c01b193d8\" href=\"#49b36727c01b193d8\"><span class=\"fusion-toggle-icon-wrapper\" aria-hidden=\"true\"><i class=\"fa-fusion-box active-icon awb-icon-minus\" aria-hidden=\"true\"><\/i><i class=\"fa-fusion-box inactive-icon awb-icon-plus\" aria-hidden=\"true\"><\/i><\/span><span class=\"fusion-toggle-heading\">Sind Metaltex-Produkte BPA-frei?<\/span><\/a><\/h4><\/div><div id=\"49b36727c01b193d8\" class=\"panel-collapse collapse \" aria-labelledby=\"toggle_49b36727c01b193d8\"><div class=\"panel-body toggle-content fusion-clearfix\">Ja, Metaltex-Produkte werden w\u00e4hrend der Produktion und dem Versand regelm\u00e4\u00dfig getestet, sodass wir die Sicherheit unserer Produkte gew\u00e4hrleisten k\u00f6nnen.<\/div><\/div><\/div><div class=\"fusion-panel panel-default panel-a6fa4800937debc71 fusion-toggle-has-divider\"><div class=\"panel-heading\"><h4 class=\"panel-title toggle\" id=\"toggle_a6fa4800937debc71\"><a aria-expanded=\"false\" aria-controls=\"a6fa4800937debc71\" role=\"button\" data-toggle=\"collapse\" data-parent=\"#accordion-53914-1\" data-target=\"#a6fa4800937debc71\" href=\"#a6fa4800937debc71\"><span class=\"fusion-toggle-icon-wrapper\" aria-hidden=\"true\"><i class=\"fa-fusion-box active-icon awb-icon-minus\" aria-hidden=\"true\"><\/i><i class=\"fa-fusion-box inactive-icon awb-icon-plus\" aria-hidden=\"true\"><\/i><\/span><span class=\"fusion-toggle-heading\">Entsprechen Metaltex-K\u00fcchenhandschuhe den Sicherheitsvorschriften?<\/span><\/a><\/h4><\/div><div id=\"a6fa4800937debc71\" class=\"panel-collapse collapse \" aria-labelledby=\"toggle_a6fa4800937debc71\"><div class=\"panel-body toggle-content fusion-clearfix\">Ja, nat\u00fcrlich sind alle unsere K\u00fcchenhandschuhe zuverl\u00e4ssig und entsprechen der Verordnung \u00fcber pers\u00f6nliche Schutzausr\u00fcstung. Die Konformit\u00e4tserkl\u00e4rung finden Sie unter <a href=\"https:\/\/www.metaltex.com\/de\/verbraucherinformationen\/\">Verbraucherinformationen<\/a>.<\/div><\/div><\/div><div class=\"fusion-panel panel-default panel-1f223d84489d2728b fusion-toggle-has-divider\"><div class=\"panel-heading\"><h4 class=\"panel-title toggle\" id=\"toggle_1f223d84489d2728b\"><a aria-expanded=\"false\" aria-controls=\"1f223d84489d2728b\" role=\"button\" data-toggle=\"collapse\" data-parent=\"#accordion-53914-1\" data-target=\"#1f223d84489d2728b\" href=\"#1f223d84489d2728b\"><span class=\"fusion-toggle-icon-wrapper\" aria-hidden=\"true\"><i class=\"fa-fusion-box active-icon awb-icon-minus\" aria-hidden=\"true\"><\/i><i class=\"fa-fusion-box inactive-icon awb-icon-plus\" aria-hidden=\"true\"><\/i><\/span><span class=\"fusion-toggle-heading\">Sind Metaltex-Produkte sp\u00fclmaschinengeeignet?<\/span><\/a><\/h4><\/div><div id=\"1f223d84489d2728b\" class=\"panel-collapse collapse \" aria-labelledby=\"toggle_1f223d84489d2728b\"><div class=\"panel-body toggle-content fusion-clearfix\">Manche Produkte sind sp\u00fclmaschinengeeignet, andere sollten nur von Hand gewaschen werden. Wenn Sie sicher sein m\u00f6chten, schauen Sie auf der Produktverpackung nach. Dort finden Sie ein spezielles Symbol f\u00fcr die Artikel, die zu 100 % f\u00fcr die Sp\u00fclmaschine geeignet sind.<br \/>\nAuf Artikeln, die nur von Hand gewaschen werden d\u00fcrfen, finden Sie ein Kreuzsymbol.<br \/>\nWenn keine spezifischen Informationen vorliegen, ist das Produkt m\u00f6glicherweise sp\u00fclmaschinengeeignet. Wir empfehlen jedoch, es von Hand zu waschen, damit das Produkt lange h\u00e4lt.<\/div><\/div><\/div><div class=\"fusion-panel panel-default panel-5c9861e3143407645 fusion-toggle-has-divider\"><div class=\"panel-heading\"><h4 class=\"panel-title toggle\" id=\"toggle_5c9861e3143407645\"><a aria-expanded=\"false\" aria-controls=\"5c9861e3143407645\" role=\"button\" data-toggle=\"collapse\" data-parent=\"#accordion-53914-1\" data-target=\"#5c9861e3143407645\" href=\"#5c9861e3143407645\"><span class=\"fusion-toggle-icon-wrapper\" aria-hidden=\"true\"><i class=\"fa-fusion-box active-icon awb-icon-minus\" aria-hidden=\"true\"><\/i><i class=\"fa-fusion-box inactive-icon awb-icon-plus\" aria-hidden=\"true\"><\/i><\/span><span class=\"fusion-toggle-heading\">Welche Produkte sind sp\u00fclmaschinengeeignet?<\/span><\/a><\/h4><\/div><div id=\"5c9861e3143407645\" class=\"panel-collapse collapse \" aria-labelledby=\"toggle_5c9861e3143407645\"><div class=\"panel-body toggle-content fusion-clearfix\">Normalerweise k\u00f6nnen alle Produkte aus einem einzigen Material in der Sp\u00fclmaschine gewaschen werden, idealerweise im oberen Korb, da viele Sp\u00fclmaschinen unterschiedliche Temperaturen und Heizkreise haben.<br \/>\nProdukte, die nicht in der Sp\u00fclmaschine gewaschen werden sollten, sind Holzprodukte, Epoxy- und antihaftbeschichtete Produkte.<\/div><\/div><\/div><div class=\"fusion-panel panel-default panel-b5a7821a0c25768bd fusion-toggle-has-divider\"><div class=\"panel-heading\"><h4 class=\"panel-title toggle\" id=\"toggle_b5a7821a0c25768bd\"><a aria-expanded=\"false\" aria-controls=\"b5a7821a0c25768bd\" role=\"button\" data-toggle=\"collapse\" data-parent=\"#accordion-53914-1\" data-target=\"#b5a7821a0c25768bd\" href=\"#b5a7821a0c25768bd\"><span class=\"fusion-toggle-icon-wrapper\" aria-hidden=\"true\"><i class=\"fa-fusion-box active-icon awb-icon-minus\" aria-hidden=\"true\"><\/i><i class=\"fa-fusion-box inactive-icon awb-icon-plus\" aria-hidden=\"true\"><\/i><\/span><span class=\"fusion-toggle-heading\">Warum sind Holzutensilien und -schneidebretter nicht sp\u00fclmaschinengeeignet?<\/span><\/a><\/h4><\/div><div id=\"b5a7821a0c25768bd\" class=\"panel-collapse collapse \" aria-labelledby=\"toggle_b5a7821a0c25768bd\"><div class=\"panel-body toggle-content fusion-clearfix\">Holz ist ein nat\u00fcrliches Material, das dazu neigt, Feuchtigkeit und Fl\u00fcssigkeiten aufzunehmen. Daher sollten alle Utensilien und Werkzeuge aus Holz nur von Hand gewaschen werden.<\/div><\/div><\/div><div class=\"fusion-panel panel-default panel-205fd33d85e114a6d fusion-toggle-has-divider\"><div class=\"panel-heading\"><h4 class=\"panel-title toggle\" id=\"toggle_205fd33d85e114a6d\"><a aria-expanded=\"false\" aria-controls=\"205fd33d85e114a6d\" role=\"button\" data-toggle=\"collapse\" data-parent=\"#accordion-53914-1\" data-target=\"#205fd33d85e114a6d\" href=\"#205fd33d85e114a6d\"><span class=\"fusion-toggle-icon-wrapper\" aria-hidden=\"true\"><i class=\"fa-fusion-box active-icon awb-icon-minus\" aria-hidden=\"true\"><\/i><i class=\"fa-fusion-box inactive-icon awb-icon-plus\" aria-hidden=\"true\"><\/i><\/span><span class=\"fusion-toggle-heading\">Warum sind K\u00fcchenmesser nicht f\u00fcr die Geschirrsp\u00fclmaschine geeignet?<\/span><\/a><\/h4><\/div><div id=\"205fd33d85e114a6d\" class=\"panel-collapse collapse \" aria-labelledby=\"toggle_205fd33d85e114a6d\"><div class=\"panel-body toggle-content fusion-clearfix\">Die Klingen von K\u00fcchenmessern werden aus einer speziellen Edelstahlsorte hergestellt, um den Klingen die n\u00f6tige H\u00e4rte und Widerstandsf\u00e4higkeit zu verleihen. Diese Stahlsorte ist wasserempfindlicher als andere. Wir empfehlen daher, die Messer von Hand zu waschen und gr\u00fcndlich zu trocknen, um eine lange Lebensdauer zu gew\u00e4hrleisten.<\/div><\/div><\/div><div class=\"fusion-panel panel-default panel-6ba1830223372d027 fusion-toggle-has-divider\"><div class=\"panel-heading\"><h4 class=\"panel-title toggle\" id=\"toggle_6ba1830223372d027\"><a aria-expanded=\"false\" aria-controls=\"6ba1830223372d027\" role=\"button\" data-toggle=\"collapse\" data-parent=\"#accordion-53914-1\" data-target=\"#6ba1830223372d027\" href=\"#6ba1830223372d027\"><span class=\"fusion-toggle-icon-wrapper\" aria-hidden=\"true\"><i class=\"fa-fusion-box active-icon awb-icon-minus\" aria-hidden=\"true\"><\/i><i class=\"fa-fusion-box inactive-icon awb-icon-plus\" aria-hidden=\"true\"><\/i><\/span><span class=\"fusion-toggle-heading\">Kann ich meine Isolierflaschen in der Sp\u00fclmaschine reinigen?<\/span><\/a><\/h4><\/div><div id=\"6ba1830223372d027\" class=\"panel-collapse collapse \" aria-labelledby=\"toggle_6ba1830223372d027\"><div class=\"panel-body toggle-content fusion-clearfix\">Um eine bakterielle Kontamination zu vermeiden, empfehlen wir die W\u00e4sche von Hand mit Hilfe einer Flaschenb\u00fcrste.<\/div><\/div><\/div><div class=\"fusion-panel panel-default panel-a4ce98eb819a99d7b fusion-toggle-has-divider\"><div class=\"panel-heading\"><h4 class=\"panel-title toggle\" id=\"toggle_a4ce98eb819a99d7b\"><a aria-expanded=\"false\" aria-controls=\"a4ce98eb819a99d7b\" role=\"button\" data-toggle=\"collapse\" data-parent=\"#accordion-53914-1\" data-target=\"#a4ce98eb819a99d7b\" href=\"#a4ce98eb819a99d7b\"><span class=\"fusion-toggle-icon-wrapper\" aria-hidden=\"true\"><i class=\"fa-fusion-box active-icon awb-icon-minus\" aria-hidden=\"true\"><\/i><i class=\"fa-fusion-box inactive-icon awb-icon-plus\" aria-hidden=\"true\"><\/i><\/span><span class=\"fusion-toggle-heading\">Wie oft sollte ich meine antihaftbeschichteten Pfannen ersetzen?<\/span><\/a><\/h4><\/div><div id=\"a4ce98eb819a99d7b\" class=\"panel-collapse collapse \" aria-labelledby=\"toggle_a4ce98eb819a99d7b\"><div class=\"panel-body toggle-content fusion-clearfix\">Es gibt keine allgemeing\u00fcltige Zeitangabe, aber es ist wichtig, auf die Unversehrtheit der Beschichtung zu achten. Bei sichtbaren Kratzern oder Besch\u00e4digungen der Beschichtung empfiehlt sich ein Austausch. Die durchschnittliche Lebensdauer von Pfannen l\u00e4sst sich verl\u00e4ngern, indem man auf das Sp\u00fclen in der Sp\u00fclmaschine verzichtet und sich f\u00fcr die Verwendung von Silikon-, Holz- und Kunststoffutensilien anstelle von Metallutensilien entscheidet.<\/div><\/div><\/div><div class=\"fusion-panel panel-default panel-d86f99bb7f4aa441f fusion-toggle-has-divider\"><div class=\"panel-heading\"><h4 class=\"panel-title toggle\" id=\"toggle_d86f99bb7f4aa441f\"><a aria-expanded=\"false\" aria-controls=\"d86f99bb7f4aa441f\" role=\"button\" data-toggle=\"collapse\" data-parent=\"#accordion-53914-1\" data-target=\"#d86f99bb7f4aa441f\" href=\"#d86f99bb7f4aa441f\"><span class=\"fusion-toggle-icon-wrapper\" aria-hidden=\"true\"><i class=\"fa-fusion-box active-icon awb-icon-minus\" aria-hidden=\"true\"><\/i><i class=\"fa-fusion-box inactive-icon awb-icon-plus\" aria-hidden=\"true\"><\/i><\/span><span class=\"fusion-toggle-heading\">Wie pflege ich Kochutensilien aus Holz mit Lebensmittelkontakt (Schneidebretter, Pfannenwender, L\u00f6ffel etc.)?<\/span><\/a><\/h4><\/div><div id=\"d86f99bb7f4aa441f\" class=\"panel-collapse collapse \" aria-labelledby=\"toggle_d86f99bb7f4aa441f\"><div class=\"panel-body toggle-content fusion-clearfix\">Wir empfehlen, sie von Hand mit hei\u00dfem Wasser und etwas Sp\u00fclmittel zu waschen und sie dann vor der Lagerung gr\u00fcndlich trocknen zu lassen. Zum Schutz der Holzoberfl\u00e4che empfiehlt sich eine regelm\u00e4\u00dfige Behandlung mit nat\u00fcrlichen \u00d6len (z. B. Sonnenblumenkern\u00f6l) oder lebensmittelechten Mineral\u00f6len.<\/div><\/div><\/div><\/div><\/div><\/div><\/div><\/div><\/div>\n","protected":false},"excerpt":{"rendered":"","protected":false},"author":1,"featured_media":0,"parent":0,"menu_order":0,"comment_status":"closed","ping_status":"closed","template":"100-width.php","meta":{"footnotes":""},"class_list":["post-53914","page","type-page","status-publish","hentry"],"_links":{"self":[{"href":"https:\/\/www.metaltex.com\/de\/wp-json\/wp\/v2\/pages\/53914","targetHints":{"allow":["GET"]}}],"collection":[{"href":"https:\/\/www.metaltex.com\/de\/wp-json\/wp\/v2\/pages"}],"about":[{"href":"https:\/\/www.metaltex.com\/de\/wp-json\/wp\/v2\/types\/page"}],"author":[{"embeddable":true,"href":"https:\/\/www.metaltex.com\/de\/wp-json\/wp\/v2\/users\/1"}],"replies":[{"embeddable":true,"href":"https:\/\/www.metaltex.com\/de\/wp-json\/wp\/v2\/comments?post=53914"}],"version-history":[{"count":0,"href":"https:\/\/www.metaltex.com\/de\/wp-json\/wp\/v2\/pages\/53914\/revisions"}],"wp:attachment":[{"href":"https:\/\/www.metaltex.com\/de\/wp-json\/wp\/v2\/media?parent=53914"}],"curies":[{"name":"wp","href":"https:\/\/api.w.org\/{rel}","templated":true}]}}