{"id":53907,"date":"2023-06-01T11:36:13","date_gmt":"2023-06-01T09:36:13","guid":{"rendered":"https:\/\/www.metaltex.com\/cookie-policy\/"},"modified":"2023-07-05T11:13:09","modified_gmt":"2023-07-05T09:13:09","slug":"cookie-richtlinie","status":"publish","type":"page","link":"https:\/\/www.metaltex.com\/de\/cookie-richtlinie\/","title":{"rendered":"COOKIE-RICHTLINIE"},"content":{"rendered":"<div id=\"privacypage\">\n<h1 class=\"title-page\">Cookie-Richtlinie<\/h1>\n<p><em>letzte Aktualisierung: 1. Juni 2023<\/em><\/p>\n<p>Auf dieser Seite m\u00f6chten wir eine vollst\u00e4ndige und klare Erkl\u00e4rung dar\u00fcber geben, was Cookies sind und wie sie auf unserer Website verwendet werden. Einzelheiten dar\u00fcber, wie wir mit Ihren personenbezogenen Daten umgehen und diese sch\u00fctzen, entnehmen Sie bitte unserer <a href=\"https:\/\/www.metaltex.com\/de\/datenschutzerklaerung\/\"><u>Datenschutzerkl\u00e4rung<\/u><\/a>.<\/p>\n<h3><strong>Was sind Cookies?<\/strong><\/h3>\n<p><strong>Cookies<\/strong> sind kleine Textdateien, die vom Internetbrowser auf Ihrem Computer oder Mobilger\u00e4t gespeichert werden. Sie machen die Interaktion zwischen Benutzern und Websites schneller, einfacher und angenehmer.<br \/>\nMit Ihrer Einwilligung erm\u00f6glichen sie uns au\u00dferdem, die Funktionalit\u00e4t unserer Website zu optimieren, indem sie uns anonyme Analyseinformationen f\u00fcr statistische Zwecke zur Verf\u00fcgung stellen.<\/p>\n<p>Es gibt verschiedene Arten von <strong>Cookies<\/strong>. Bestimmte Cookies stammen direkt von unserer Website, w\u00e4hrend andere von Dritten auf unserer Website platziert werden. Cookies von Drittanbietern dienen zwei Zwecken: dem Sammeln von Daten in unserem Namen (z. B. <strong>Google Analytics<\/strong>) oder dem Sammeln von Daten f\u00fcr eigene Zwecke (z. B. <strong>YouTube<\/strong> oder andere Social-Media-Cookies).<\/p>\n<p>&nbsp;<\/p>\n<h3><strong>Arten von Cookies und ihre Verwendung auf unserer Website<\/strong><\/h3>\n<p>Cookies k\u00f6nnen f\u00fcr unterschiedliche Zeitr\u00e4ume in Ihrem Webbrowser oder auf Ihrem Ger\u00e4t (Desktop-PC, Tablet oder Smartphone) gespeichert werden. <strong>Sitzungscookies<\/strong> werden von Ihrem Computer oder Ger\u00e4t entfernt, wenn Sie Ihren Webbrowser schlie\u00dfen. <strong>Dauerhafte Cookies<\/strong> hingegen bleiben auf Ihrem Computer oder Ger\u00e4t gespeichert, bis sie manuell gel\u00f6scht werden oder ihr Ablaufdatum erreichen.<\/p>\n<p>Unsere Website verwendet Cookies, die wir in drei Hauptkategorien unterteilt haben:<\/p>\n<p>&nbsp;<\/p>\n<ol start=\"1\">\n<li>\n<h3><strong><strong>Technische Cookies \u2013 unbedingt erforderlich<\/strong><\/strong><\/h3>\n<\/li>\n<\/ol>\n<p>Unsere technischen Cookies sind f\u00fcr die Kernfunktionen der Website wie Sicherheit, Netzwerkverwaltung und Zug\u00e4nglichkeit unerl\u00e4sslich. Da es sich um <strong>unbedingt notwendige Cookies<\/strong> handelt, ben\u00f6tigen sie Ihre Zustimmung nicht und sind f\u00fcr das ordnungsgem\u00e4\u00dfe Funktionieren der Website unerl\u00e4sslich.<\/p>\n<ul>\n<li>Google reCAPTCHA (Schutz vor Spam)<\/li>\n<li>Google Fonts (auf unserer Website verwendete Schriftarten einbetten)<\/li>\n<li>WPML (stellt die entsprechende Sprache ein)<\/li>\n<li>Complianz (zeigt die entsprechende Seite f\u00fcr Ihr Ger\u00e4t an)<\/li>\n<\/ul>\n<p><strong><em>Bitte beachten Sie, dass diese Cookies nicht \u00fcber das Banner \u201eCookie-Einstellungen\u201c deaktiviert werden k\u00f6nnen.<\/em><\/strong><\/p>\n<p><em>Sie k\u00f6nnen diese Cookies jedoch in Ihren Browsereinstellungen deaktivieren. Bedenken Sie aber, dass die Deaktivierung dieser wesentlichen Cookies die Leistung unserer Website beeintr\u00e4chtigen kann. Anweisungen zum Deaktivieren von Cookies finden Sie in der Hilfe Ihres Browsers. Unten finden Sie eine Liste zur Verwaltung von Cookies in g\u00e4ngigen Browsern.<\/em><\/p>\n<p>Diese nicht unbedingt notwendigen Cookies geben Einblicke in die Art und Weise, wie Sie unsere Website nutzen, und helfen uns, sie zu verbessern. Sie erfassen beispielsweise Daten \u00fcber die Anzahl der Besucher verschiedener Bereiche der Website und helfen uns dabei, die Nutzung unserer Website zu analysieren und zu verstehen, wodurch wir die Funktionalit\u00e4t und Benutzerfreundlichkeit unserer Website verbessern k\u00f6nnen. Indem wir verstehen, wie Sie unsere Website nutzen, k\u00f6nnen wir etwaige Probleme identifizieren und beheben und gleichzeitig die Leistung unserer eigenen Website \u00fcberwachen.<\/p>\n<p>&nbsp;<\/p>\n<ol start=\"2\">\n<li>\n<h3><strong><strong>Analyse-Cookies \u2013 Cookies von Drittanbietern<\/strong><\/strong><\/h3>\n<\/li>\n<\/ol>\n<p>Diese nicht unbedingt notwendigen Cookies geben Einblicke in die Art und Weise, wie Sie unsere Website nutzen, und helfen uns, sie zu verbessern. Sie erfassen beispielsweise Daten \u00fcber die Anzahl der Besucher verschiedener Bereiche der Website und helfen uns dabei, die Nutzung unserer Website zu analysieren und zu verstehen, wodurch wir die Funktionalit\u00e4t und Benutzerfreundlichkeit unserer Website verbessern k\u00f6nnen. Indem wir verstehen, wie Sie unsere Website nutzen, k\u00f6nnen wir etwaige Probleme identifizieren und beheben und gleichzeitig die Leistung unserer eigenen Website \u00fcberwachen.<\/p>\n<p>Zu diesem Zweck nutzt unsere Website\u00a0<strong>Google Analytics.<\/strong><\/p>\n<p><strong><em>Analytics-Cookies k\u00f6nnen \u00fcber das Banner \u201eCookie-Einstellungen\u201c deaktiviert werden.<\/em><\/strong><\/p>\n<p>&nbsp;<\/p>\n<ol start=\"3\">\n<li>\n<h3><strong><strong>Marketing-Cookies \u2013 Cookies von Drittanbietern<\/strong><\/strong><\/h3>\n<\/li>\n<\/ol>\n<p>Unsere Website bettet Inhalte von unseren offiziellen <strong>Social-Media<\/strong>-Kan\u00e4len und -Konten (YouTube, Facebook, Instagram, Pinterest\u2026) ein und verbessert so das Benutzererlebnis, ohne die Navigationsgeschwindigkeit zu beeintr\u00e4chtigen.<\/p>\n<p>Wenn Sie auf einen dieser Buttons klicken, verwenden <strong>Social-Media<\/strong>-Plattformen m\u00f6glicherweise <strong>Cookies von Drittanbietern<\/strong>, die die Videowiedergabe erm\u00f6glichen und Analysedaten zur Zuschauerinteraktion sammeln, um eigene Marketingzwecke zu erf\u00fcllen.<\/p>\n<p>Diese Plattformen k\u00f6nnen ihre eigenen Cookies auf Ihrem Ger\u00e4t setzen. Wir haben keinen Einfluss auf die Einstellungen dieser Cookies. Wir empfehlen daher, die Social-Media-Website f\u00fcr weitere Informationen zu deren Cookies und deren Verwaltung zu besuchen.<\/p>\n<p><strong><em>Cookies von Drittanbietern k\u00f6nnen \u00fcber das Banner \u201eCookie-Einstellungen\u201c deaktiviert werden.<\/em><\/strong><\/p>\n<div id=\"privacypage\">\n<p>&nbsp;<\/p>\n<h3><strong>Wie \u00e4ndere ich die Cookie-Einstellungen in meinem Browser?<\/strong><\/h3>\n<p>Die meisten Browser speichern standardm\u00e4\u00dfig Cookies, der Benutzer kann die meisten Cookies jedoch \u00fcber die Browsereinstellungen steuern. Um zu erfahren, wie Sie Ihre Cookies verwalten, besuchen Sie bitte das Datenschutz-Einstellungscenter Ihres Webbrowsers:<\/p>\n<ul>\n<li>Google Chrome:\u00a0<a href=\"https:\/\/support.google.com\/chrome\/answer\/95647?hl=de-DE\" target=\"_blank\" rel=\"noopener\">https:\/\/support.google.com\/chrome\/answer\/95647?hl=de-DE<\/a><\/li>\n<li>Apple Safari:\u00a0<a href=\"https:\/\/support.apple.com\/de-de\/HT201265\" target=\"_blank\" rel=\"noopener\">https:\/\/support.apple.com\/de-de\/HT201265<\/a><\/li>\n<li>Mozilla Firefox:\u00a0<a href=\"https:\/\/support.mozilla.org\/de\/kb\/cookies-informationen-websites-auf-ihrem-computer\" target=\"_blank\" rel=\"noopener\">https:\/\/support.mozilla.org\/de\/kb\/cookies-informationen-websites-auf-ihrem-computer<\/a><\/li>\n<li>Internet Explorer:\u00a0<a href=\"https:\/\/support.microsoft.com\/de-de\/windows\/l%C3%B6schen-und-verwalten-von-cookies-168dab11-0753-043d-7c16-ede5947fc64d#ie=ie-11\" target=\"_blank\" rel=\"noopener\">https:\/\/support.microsoft.com\/de-de\/windows\/l%C3%B6schen-und-verwalten-von-cookies-168dab11-0753-043d-7c16-ede5947fc64d#ie=ie-11<\/a><\/li>\n<li>Opera:\u00a0<a href=\"https:\/\/help.opera.com\/de\/latest\/web-preferences\/#cookies\" target=\"_blank\" rel=\"noopener\">https:\/\/help.opera.com\/de\/latest\/web-preferences\/#cookies<\/a><\/li>\n<\/ul>\n<p>Das Blockieren von Cookies kann dazu f\u00fchren, dass diese Website nicht korrekt angezeigt wird.<\/p>\n<p>Weitere Informationen zu Cookies und dazu, wie Sie sehen k\u00f6nnen, welche Cookies gesetzt wurden, finden Sie unter <u><a href=\"http:\/\/www.aboutcookies.org\/\" target=\"_blank\" rel=\"noopener\">www.aboutcookies.org<\/a><\/u><\/p>\n<div class=\"text-content\"><\/div>\n<\/div>\n<\/div>\n","protected":false},"excerpt":{"rendered":"<p>Cookie-Richtlinie letzte Aktualisierung: 1. Juni 2023 Auf dieser Seite m\u00f6chten wir eine vollst\u00e4ndige und klare Erkl\u00e4rung dar\u00fcber geben, was Cookies sind und wie sie auf unserer Website verwendet werden. Einzelheiten dar\u00fcber, wie wir mit Ihren  [&#8230;]<\/p>\n","protected":false},"author":1,"featured_media":0,"parent":0,"menu_order":0,"comment_status":"closed","ping_status":"closed","template":"","meta":{"footnotes":""},"class_list":["post-53907","page","type-page","status-publish","hentry"],"_links":{"self":[{"href":"https:\/\/www.metaltex.com\/de\/wp-json\/wp\/v2\/pages\/53907","targetHints":{"allow":["GET"]}}],"collection":[{"href":"https:\/\/www.metaltex.com\/de\/wp-json\/wp\/v2\/pages"}],"about":[{"href":"https:\/\/www.metaltex.com\/de\/wp-json\/wp\/v2\/types\/page"}],"author":[{"embeddable":true,"href":"https:\/\/www.metaltex.com\/de\/wp-json\/wp\/v2\/users\/1"}],"replies":[{"embeddable":true,"href":"https:\/\/www.metaltex.com\/de\/wp-json\/wp\/v2\/comments?post=53907"}],"version-history":[{"count":0,"href":"https:\/\/www.metaltex.com\/de\/wp-json\/wp\/v2\/pages\/53907\/revisions"}],"wp:attachment":[{"href":"https:\/\/www.metaltex.com\/de\/wp-json\/wp\/v2\/media?parent=53907"}],"curies":[{"name":"wp","href":"https:\/\/api.w.org\/{rel}","templated":true}]}}