{"id":44559,"date":"2023-04-25T10:07:40","date_gmt":"2023-04-25T08:07:40","guid":{"rendered":"https:\/\/www.metaltex.com\/beitraege\/"},"modified":"2026-02-20T11:41:23","modified_gmt":"2026-02-20T10:41:23","slug":"neuigkeiten","status":"publish","type":"page","link":"https:\/\/www.metaltex.com\/de\/neuigkeiten\/","title":{"rendered":"NEUIGKEITEN"},"content":{"rendered":"<div class=\"fusion-fullwidth fullwidth-box fusion-builder-row-1 fusion-flex-container nonhundred-percent-fullwidth non-hundred-percent-height-scrolling\" style=\"--link_color: #ed1a3a;--awb-border-sizes-top:0px;--awb-border-sizes-bottom:0px;--awb-border-sizes-left:0px;--awb-border-sizes-right:0px;--awb-border-radius-top-left:0px;--awb-border-radius-top-right:0px;--awb-border-radius-bottom-right:0px;--awb-border-radius-bottom-left:0px;--awb-padding-top:50px;--awb-padding-bottom:90px;--awb-padding-right-small:40px;--awb-padding-bottom-small:80px;--awb-padding-left-small:40px;--awb-background-color:#a9a8aa;--awb-flex-wrap:wrap;\" ><div class=\"fusion-builder-row fusion-row fusion-flex-align-items-flex-start fusion-flex-content-wrap\" style=\"max-width:1352px;margin-left: calc(-4% \/ 2 );margin-right: calc(-4% \/ 2 );\"><div class=\"fusion-layout-column fusion_builder_column fusion-builder-column-0 fusion_builder_column_1_6 1_6 fusion-flex-column fusion-no-small-visibility\" style=\"--awb-bg-size:cover;--awb-width-large:16.666666666667%;--awb-margin-top-large:0px;--awb-spacing-right-large:11.52%;--awb-margin-bottom-large:0px;--awb-spacing-left-large:11.52%;--awb-width-medium:100%;--awb-spacing-right-medium:1.92%;--awb-spacing-left-medium:1.92%;--awb-width-small:100%;--awb-spacing-right-small:1.92%;--awb-spacing-left-small:1.92%;\"><div class=\"fusion-column-wrapper fusion-flex-justify-content-flex-start fusion-content-layout-column\"><\/div><\/div><div class=\"fusion-layout-column fusion_builder_column fusion-builder-column-1 fusion_builder_column_2_3 2_3 fusion-flex-column\" style=\"--awb-bg-size:cover;--awb-width-large:66.666666666667%;--awb-margin-top-large:0px;--awb-spacing-right-large:2.88%;--awb-margin-bottom-large:0px;--awb-spacing-left-large:2.88%;--awb-width-medium:100%;--awb-spacing-right-medium:1.92%;--awb-spacing-left-medium:1.92%;--awb-width-small:100%;--awb-spacing-right-small:1.92%;--awb-spacing-left-small:1.92%;\"><div class=\"fusion-column-wrapper fusion-flex-justify-content-flex-start fusion-content-layout-column\"><div class=\"fusion-separator fusion-full-width-sep\" style=\"align-self: center;margin-left: auto;margin-right: auto;margin-top:5px;width:100%;\"><\/div><\/div><\/div><div class=\"fusion-layout-column fusion_builder_column fusion-builder-column-2 fusion_builder_column_1_6 1_6 fusion-flex-column fusion-no-small-visibility\" style=\"--awb-bg-size:cover;--awb-width-large:16.666666666667%;--awb-margin-top-large:0px;--awb-spacing-right-large:11.52%;--awb-margin-bottom-large:0px;--awb-spacing-left-large:11.52%;--awb-width-medium:100%;--awb-spacing-right-medium:1.92%;--awb-spacing-left-medium:1.92%;--awb-width-small:100%;--awb-spacing-right-small:1.92%;--awb-spacing-left-small:1.92%;\"><div class=\"fusion-column-wrapper fusion-flex-justify-content-flex-start fusion-content-layout-column\"><\/div><\/div><div class=\"fusion-layout-column fusion_builder_column fusion-builder-column-3 fusion_builder_column_1_1 1_1 fusion-flex-column\" style=\"--awb-bg-size:cover;--awb-width-large:100%;--awb-margin-top-large:0px;--awb-spacing-right-large:1.92%;--awb-margin-bottom-large:0px;--awb-spacing-left-large:1.92%;--awb-width-medium:100%;--awb-spacing-right-medium:1.92%;--awb-spacing-left-medium:1.92%;--awb-width-small:100%;--awb-spacing-right-small:1.92%;--awb-spacing-left-small:1.92%;\"><div class=\"fusion-column-wrapper fusion-flex-justify-content-flex-start fusion-content-layout-column\"><div class=\"fusion-tagcloud-element fusion-tagcloud-1 custom-tag-cloud\">\n<a href=\"https:\/\/www.metaltex.com\/de\/category\/posts\/2026\/\" class=\"tag-cloud-link tag-link-207 tag-link-position-1\" aria-label=\"2026\">2026<\/a>\n<a href=\"https:\/\/www.metaltex.com\/de\/category\/posts\/2025\/\" class=\"tag-cloud-link tag-link-208 tag-link-position-2\" aria-label=\"2025\">2025<\/a>\n<a href=\"https:\/\/www.metaltex.com\/de\/category\/posts\/2024\/\" class=\"tag-cloud-link tag-link-209 tag-link-position-3\" aria-label=\"2024\">2024<\/a>\n<a href=\"https:\/\/www.metaltex.com\/de\/category\/posts\/2023\/\" class=\"tag-cloud-link tag-link-210 tag-link-position-4\" aria-label=\"2023\">2023<\/a>\n<a href=\"https:\/\/www.metaltex.com\/de\/category\/posts\/2022\/\" class=\"tag-cloud-link tag-link-211 tag-link-position-5\" aria-label=\"2022\">2022<\/a>\n<a href=\"https:\/\/www.metaltex.com\/de\/category\/posts\/2021\/\" class=\"tag-cloud-link tag-link-212 tag-link-position-6\" aria-label=\"2021\">2021<\/a>\n<a href=\"https:\/\/www.metaltex.com\/de\/category\/posts\/2020\/\" class=\"tag-cloud-link tag-link-213 tag-link-position-7\" aria-label=\"2020\">2020<\/a>\n<a href=\"https:\/\/www.metaltex.com\/de\/category\/posts\/2019\/\" class=\"tag-cloud-link tag-link-189 tag-link-position-8\" aria-label=\"2019\">2019<\/a>\n<a href=\"https:\/\/www.metaltex.com\/de\/category\/posts\/2018\/\" class=\"tag-cloud-link tag-link-214 tag-link-position-9\" aria-label=\"2018\">2018<\/a>\n<a href=\"https:\/\/www.metaltex.com\/de\/category\/posts\/2017\/\" class=\"tag-cloud-link tag-link-215 tag-link-position-10\" aria-label=\"2017\">2017<\/a>\n<a href=\"https:\/\/www.metaltex.com\/de\/category\/posts\/2016\/\" class=\"tag-cloud-link tag-link-216 tag-link-position-11\" aria-label=\"2016\">2016<\/a>\n<a href=\"https:\/\/www.metaltex.com\/de\/category\/posts\/2015\/\" class=\"tag-cloud-link tag-link-217 tag-link-position-12\" aria-label=\"2015\">2015<\/a>\n<a href=\"https:\/\/www.metaltex.com\/de\/category\/posts\/2014\/\" class=\"tag-cloud-link tag-link-218 tag-link-position-13\" aria-label=\"2014\">2014<\/a>\n<a href=\"https:\/\/www.metaltex.com\/de\/category\/posts\/2013\/\" class=\"tag-cloud-link tag-link-219 tag-link-position-14\" aria-label=\"2013\">2013<\/a>\n<a href=\"https:\/\/www.metaltex.com\/de\/category\/posts\/2012\/\" class=\"tag-cloud-link tag-link-220 tag-link-position-15\" aria-label=\"2012\">2012<\/a>\n<a href=\"https:\/\/www.metaltex.com\/de\/category\/posts\/2011\/\" class=\"tag-cloud-link tag-link-220 tag-link-position-16\" aria-label=\"2011\">2011<\/a>\n<a href=\"https:\/\/www.metaltex.com\/de\/category\/posts\/2010\/\" class=\"tag-cloud-link tag-link-220 tag-link-position-17\" aria-label=\"2010\">2010<\/a>\n<a href=\"https:\/\/www.metaltex.com\/de\/category\/posts\/2009\/\" class=\"tag-cloud-link tag-link-220 tag-link-position-18\" aria-label=\"2009\">2009<\/a>\n<a href=\"https:\/\/www.metaltex.com\/de\/category\/posts\/2008\/\" class=\"tag-cloud-link tag-link-220 tag-link-position-19\" aria-label=\"2008\">2008<\/a>\n<a href=\"https:\/\/www.metaltex.com\/de\/category\/posts\/2007\/\" class=\"tag-cloud-link tag-link-220 tag-link-position-20\" aria-label=\"2007\">2007<\/a>\n<a href=\"https:\/\/www.metaltex.com\/de\/category\/posts\/2006\/\" class=\"tag-cloud-link tag-link-220 tag-link-position-21\" aria-label=\"2006\">2006<\/a>\n<a href=\"https:\/\/www.metaltex.com\/de\/category\/posts\/2005\/\" class=\"tag-cloud-link tag-link-220 tag-link-position-22\" aria-label=\"2005\">2005<\/a>\n<a href=\"https:\/\/www.metaltex.com\/de\/category\/posts\/2004\/\" class=\"tag-cloud-link tag-link-220 tag-link-position-23\" aria-label=\"2004\">2004<\/a>\n<a href=\"https:\/\/www.metaltex.com\/de\/category\/posts\/2003\/\" class=\"tag-cloud-link tag-link-220 tag-link-position-24\" aria-label=\"2003\">2003<\/a>\n<a href=\"https:\/\/www.metaltex.com\/de\/category\/posts\/2002\/\" class=\"tag-cloud-link tag-link-220 tag-link-position-25\" aria-label=\"2002\">2002<\/a>\n<a href=\"https:\/\/www.metaltex.com\/de\/category\/posts\/2000\/\" class=\"tag-cloud-link tag-link-220 tag-link-position-26\" aria-label=\"2000\">2000<\/a>\n<\/div><div class=\"fusion-separator fusion-full-width-sep\" style=\"align-self: center;margin-left: auto;margin-right: auto;margin-top:50px;width:100%;\"><\/div><div class=\"fusion-blog-shortcode fusion-blog-shortcode-1 fusion-blog-archive fusion-blog-layout-grid-wrapper fusion-blog-infinite\"><style type=\"text\/css\">.fusion-blog-shortcode-1 .fusion-blog-layout-grid .fusion-post-grid{padding:15px;}.fusion-blog-shortcode-1 .fusion-posts-container{margin-left: -15px !important; margin-right:-15px !important;}<\/style><div class=\"fusion-posts-container fusion-posts-container-infinite fusion-posts-container-load-more fusion-blog-rollover fusion-blog-layout-grid fusion-blog-layout-grid-3 isotope fusion-blog-equal-heights\" data-pages=\"31\" data-grid-col-space=\"30\" style=\"margin: -15px -15px 0;min-height:500px;\"><article id=\"blog-1-post-146244\" class=\"fusion-post-grid post-146244 post type-post status-publish format-standard has-post-thumbnail hentry category-4118 category-germany-de category-posts-de tag-ambiente-de tag-international-fair-de tag-metaltex-germany-de\">\n<div class=\"fusion-post-wrapper\" style=\"background-color:rgba(255,255,255,1);border:1px solid #ffffff;border-bottom-width:3px;\">\n\n\t\t\t<div class=\"fusion-flexslider flexslider fusion-flexslider-loading fusion-post-slideshow\" style=\"border-color:#ffffff;\">\n\t\t<ul class=\"slides\">\n\t\t\t\n\t\t\t\t\t\t\t\t\t\t\t\t\t\t<li><div  class=\"fusion-image-wrapper\" aria-haspopup=\"true\">\n\t\t\t\t<img decoding=\"async\" width=\"1200\" height=\"1200\" src=\"https:\/\/www.metaltex.com\/wp-content\/uploads\/Metaltex_Ambiente2026_Booth_E11_Hall_2-1_TN.jpg\" class=\"attachment-full size-full wp-post-image\" alt=\"\" srcset=\"https:\/\/www.metaltex.com\/wp-content\/uploads\/Metaltex_Ambiente2026_Booth_E11_Hall_2-1_TN-200x200.jpg 200w, https:\/\/www.metaltex.com\/wp-content\/uploads\/Metaltex_Ambiente2026_Booth_E11_Hall_2-1_TN-400x400.jpg 400w, https:\/\/www.metaltex.com\/wp-content\/uploads\/Metaltex_Ambiente2026_Booth_E11_Hall_2-1_TN-600x600.jpg 600w, https:\/\/www.metaltex.com\/wp-content\/uploads\/Metaltex_Ambiente2026_Booth_E11_Hall_2-1_TN-800x800.jpg 800w, https:\/\/www.metaltex.com\/wp-content\/uploads\/Metaltex_Ambiente2026_Booth_E11_Hall_2-1_TN.jpg 1200w\" sizes=\"(min-width: 2200px) 100vw, (min-width: 784px) 413px, (min-width: 712px) 620px, (min-width: 640px) 712px, \" \/><div class=\"fusion-rollover\">\n\t<div class=\"fusion-rollover-content\">\n\n\t\t\t\t\t\t\t\t\t\t\t\t\t\t<a class=\"fusion-rollover-link\" href=\"https:\/\/www.metaltex.com\/de\/ambiente-2026\/\">Ambiente 2026<\/a>\n\t\t\t\n\t\t\t\t\t\t\t\t\t\t\t\t\t\t\n\t\t\t\t\t\t\t\t\n\t\t\t\t\t\t\t\t\t\t\t\t\t<div class=\"fusion-rollover-sep\"><\/div>\n\t\t\t\t\n\t\t\t\t\t\t\t\t\t\t\t\t\t\t\t\t\t\t<a class=\"fusion-rollover-gallery\" href=\"https:\/\/www.metaltex.com\/wp-content\/uploads\/Metaltex_Ambiente2026_Booth_E11_Hall_2-1_TN.jpg\" data-options=\"\" data-id=\"146244\" data-rel=\"iLightbox[gallery]\" data-title=\"Metaltex_Ambiente2026_Booth_E11_Hall_2-1_TN\" data-caption=\"\">\n\t\t\t\t\t\tGallery\t\t\t\t\t<\/a>\n\t\t\t\t\t\t\t\t\t\t\t\t\t\t\n\t\t\n\t\t\t\t\t\t\t\t\t\t\t\t<h4 class=\"fusion-rollover-title\">\n\t\t\t\t\t<a class=\"fusion-rollover-title-link\" href=\"https:\/\/www.metaltex.com\/de\/ambiente-2026\/\">\n\t\t\t\t\t\tAmbiente 2026\t\t\t\t\t<\/a>\n\t\t\t\t<\/h4>\n\t\t\t\n\t\t\t\t\t\t\t\t\n\t\t\n\t\t\t\t\t\t<a class=\"fusion-link-wrapper\" href=\"https:\/\/www.metaltex.com\/de\/ambiente-2026\/\" aria-label=\"Ambiente 2026\"><\/a>\n\t<\/div>\n<\/div>\n<\/div>\n<\/li>\n\t\t\t\n\t\t\t\n\t\t\t\t\t\t\t\t\t\t\t\t\t\t\t\t\t\t\t\t\t\t\t\t\t\t\t\t\t\t\t\t\t\t\t\t\t\t\t\t\t\t\t\t\t\t\t\t\t\t\t\t\t\t\t\t\t\t\t\t\t\t\t\t\t\t\t\t<\/ul>\n\t<\/div>\n\t<div class=\"fusion-post-content-wrapper\" style=\"padding:30px 25px 20px 25px;\"><div class=\"fusion-post-content post-content\"><h2 class=\"blog-shortcode-post-title entry-title\">Ambiente 2026<\/h2><p class=\"fusion-single-line-meta\"><span class=\"updated\" style=\"display:none;\">2026-02-20T11:39:01+01:00<\/span><span>Februar 2026<\/span><span class=\"fusion-inline-sep\">|<\/span><a href=\"https:\/\/www.metaltex.com\/de\/category\/2026\/\" rel=\"category tag\">2026<\/a>, <a href=\"https:\/\/www.metaltex.com\/de\/category\/germany-de\/\" rel=\"category tag\">Germany<\/a>, <a href=\"https:\/\/www.metaltex.com\/de\/category\/posts-de\/\" rel=\"category tag\">Posts<\/a><span class=\"fusion-inline-sep\">|<\/span><\/p><div class=\"fusion-content-sep sep-none\"><\/div><div class=\"fusion-post-content-container\"><p>Die Ambiente in Frankfurt vom 6. bis 10. Februar war f\u00fcr uns ein voller Erfolg \u2013 und das Feedback von Partnern und Besuchern war durchweg positiv. Mehr denn je haben wir geh\u00f6rt, wie klar und \u00fcbersichtlich unsere Pr\u00e4sentation war und wie schnell man unser Sortiment verstehen kann. Unser Messeauftritt stand unter dem Motto...<\/p><\/div><\/div><div class=\"fusion-meta-info\"><div class=\"fusion-alignleft\"><a class=\"fusion-read-more\" href=\"https:\/\/www.metaltex.com\/de\/ambiente-2026\/\" aria-label=\"More on Ambiente 2026\">Weiterlesen<\/a><\/div><\/div><\/div><div class=\"fusion-clearfix\"><\/div><\/div>\n<\/article>\n<article id=\"blog-1-post-66126\" class=\"fusion-post-grid post-66126 post type-post status-publish format-standard has-post-thumbnail hentry category-2025-de category-posts-de category-switzerland-de tag-metaltex-switzerland-de tag-switzerland-de\">\n<div class=\"fusion-post-wrapper\" style=\"background-color:rgba(255,255,255,1);border:1px solid #ffffff;border-bottom-width:3px;\">\n\n\t\t\t<div class=\"fusion-flexslider flexslider fusion-flexslider-loading fusion-post-slideshow\" style=\"border-color:#ffffff;\">\n\t\t<ul class=\"slides\">\n\t\t\t\n\t\t\t\t\t\t\t\t\t\t\t\t\t\t<li><div  class=\"fusion-image-wrapper\" aria-haspopup=\"true\">\n\t\t\t\t<img decoding=\"async\" width=\"800\" height=\"800\" src=\"https:\/\/www.metaltex.com\/wp-content\/uploads\/AITI_Metalteax_recognition-award_80-years_icon.jpg\" class=\"attachment-full size-full wp-post-image\" alt=\"\" srcset=\"https:\/\/www.metaltex.com\/wp-content\/uploads\/AITI_Metalteax_recognition-award_80-years_icon-200x200.jpg 200w, https:\/\/www.metaltex.com\/wp-content\/uploads\/AITI_Metalteax_recognition-award_80-years_icon-400x400.jpg 400w, https:\/\/www.metaltex.com\/wp-content\/uploads\/AITI_Metalteax_recognition-award_80-years_icon-600x600.jpg 600w, https:\/\/www.metaltex.com\/wp-content\/uploads\/AITI_Metalteax_recognition-award_80-years_icon.jpg 800w\" sizes=\"(min-width: 2200px) 100vw, (min-width: 784px) 413px, (min-width: 712px) 620px, (min-width: 640px) 712px, \" \/><div class=\"fusion-rollover\">\n\t<div class=\"fusion-rollover-content\">\n\n\t\t\t\t\t\t\t\t\t\t\t\t\t\t<a class=\"fusion-rollover-link\" href=\"https:\/\/www.metaltex.com\/de\/aiti-80-jahre-metaltex\/\">AITI feiert 80 Jahre Metaltex<\/a>\n\t\t\t\n\t\t\t\t\t\t\t\t\t\t\t\t\t\t\n\t\t\t\t\t\t\t\t\n\t\t\t\t\t\t\t\t\t\t\t\t\t<div class=\"fusion-rollover-sep\"><\/div>\n\t\t\t\t\n\t\t\t\t\t\t\t\t\t\t\t\t\t\t\t\t\t\t<a class=\"fusion-rollover-gallery\" href=\"https:\/\/www.metaltex.com\/wp-content\/uploads\/AITI_Metalteax_recognition-award_80-years_icon.jpg\" data-options=\"\" data-id=\"66126\" data-rel=\"iLightbox[gallery]\" data-title=\"AITI_Metalteax_recognition-award_80-years_icon\" data-caption=\"\">\n\t\t\t\t\t\tGallery\t\t\t\t\t<\/a>\n\t\t\t\t\t\t\t\t\t\t\t\t\t\t\n\t\t\n\t\t\t\t\t\t\t\t\t\t\t\t<h4 class=\"fusion-rollover-title\">\n\t\t\t\t\t<a class=\"fusion-rollover-title-link\" href=\"https:\/\/www.metaltex.com\/de\/aiti-80-jahre-metaltex\/\">\n\t\t\t\t\t\tAITI feiert 80 Jahre Metaltex\t\t\t\t\t<\/a>\n\t\t\t\t<\/h4>\n\t\t\t\n\t\t\t\t\t\t\t\t\n\t\t\n\t\t\t\t\t\t<a class=\"fusion-link-wrapper\" href=\"https:\/\/www.metaltex.com\/de\/aiti-80-jahre-metaltex\/\" aria-label=\"AITI feiert 80 Jahre Metaltex\"><\/a>\n\t<\/div>\n<\/div>\n<\/div>\n<\/li>\n\t\t\t\n\t\t\t\n\t\t\t\t\t\t\t\t\t\t\t\t\t\t\t\t\t\t\t\t\t\t\t\t\t\t\t\t\t\t\t\t\t\t\t\t\t\t\t\t\t\t\t\t\t\t\t\t\t\t\t\t\t\t\t\t\t\t\t\t\t\t\t\t\t\t\t\t<\/ul>\n\t<\/div>\n\t<div class=\"fusion-post-content-wrapper\" style=\"padding:30px 25px 20px 25px;\"><div class=\"fusion-post-content post-content\"><h2 class=\"blog-shortcode-post-title entry-title\">AITI feiert 80 Jahre Metaltex<\/h2><p class=\"fusion-single-line-meta\"><span class=\"updated\" style=\"display:none;\">2025-06-02T15:57:21+02:00<\/span><span>Juni 2025<\/span><span class=\"fusion-inline-sep\">|<\/span><a href=\"https:\/\/www.metaltex.com\/de\/category\/posts-de\/2025-de\/\" rel=\"category tag\">2025<\/a>, <a href=\"https:\/\/www.metaltex.com\/de\/category\/posts-de\/\" rel=\"category tag\">Posts<\/a>, <a href=\"https:\/\/www.metaltex.com\/de\/category\/switzerland-de\/\" rel=\"category tag\">Switzerland<\/a><span class=\"fusion-inline-sep\">|<\/span><\/p><div class=\"fusion-content-sep sep-none\"><\/div><div class=\"fusion-post-content-container\"><p>Die 63. Ordentliche Generalversammlung der Associazione Industrie Ticinesi (AITI) fand im Palazzo dei Congressi statt und ist ein bedeutendes j\u00e4hrliches Ereignis f\u00fcr den kantonalen Industriesektor. Im Rahmen der Veranstaltung wurden die neuen statut\u00e4ren Ernennungen f\u00fcr die Amtszeit 2025\u20132029 bekannt gegeben...<\/p><\/div><\/div><div class=\"fusion-meta-info\"><div class=\"fusion-alignleft\"><a class=\"fusion-read-more\" href=\"https:\/\/www.metaltex.com\/de\/aiti-80-jahre-metaltex\/\" aria-label=\"More on AITI feiert 80 Jahre Metaltex\">Weiterlesen<\/a><\/div><\/div><\/div><div class=\"fusion-clearfix\"><\/div><\/div>\n<\/article>\n<article id=\"blog-1-post-64423\" class=\"fusion-post-grid post-64423 post type-post status-publish format-standard has-post-thumbnail hentry category-2025-de category-germany-de category-posts-de tag-ambiente-de tag-international-fair-de tag-metaltex-germany-de\">\n<div class=\"fusion-post-wrapper\" style=\"background-color:rgba(255,255,255,1);border:1px solid #ffffff;border-bottom-width:3px;\">\n\n\t\t\t<div class=\"fusion-flexslider flexslider fusion-flexslider-loading fusion-post-slideshow\" style=\"border-color:#ffffff;\">\n\t\t<ul class=\"slides\">\n\t\t\t\n\t\t\t\t\t\t\t\t\t\t\t\t\t\t<li><div  class=\"fusion-image-wrapper\" aria-haspopup=\"true\">\n\t\t\t\t<img decoding=\"async\" width=\"500\" height=\"500\" src=\"https:\/\/www.metaltex.com\/wp-content\/uploads\/Ambiente25_Metaltex-Booth_icon.jpg\" class=\"attachment-full size-full wp-post-image\" alt=\"\" srcset=\"https:\/\/www.metaltex.com\/wp-content\/uploads\/Ambiente25_Metaltex-Booth_icon-200x200.jpg 200w, https:\/\/www.metaltex.com\/wp-content\/uploads\/Ambiente25_Metaltex-Booth_icon-400x400.jpg 400w, https:\/\/www.metaltex.com\/wp-content\/uploads\/Ambiente25_Metaltex-Booth_icon.jpg 500w\" sizes=\"(min-width: 2200px) 100vw, (min-width: 784px) 413px, (min-width: 712px) 620px, (min-width: 640px) 712px, \" \/><div class=\"fusion-rollover\">\n\t<div class=\"fusion-rollover-content\">\n\n\t\t\t\t\t\t\t\t\t\t\t\t\t\t<a class=\"fusion-rollover-link\" href=\"https:\/\/www.metaltex.com\/de\/ambiente-2025\/\">Ambiente 2025<\/a>\n\t\t\t\n\t\t\t\t\t\t\t\t\t\t\t\t\t\t\n\t\t\t\t\t\t\t\t\n\t\t\t\t\t\t\t\t\t\t\t\t\t<div class=\"fusion-rollover-sep\"><\/div>\n\t\t\t\t\n\t\t\t\t\t\t\t\t\t\t\t\t\t\t\t\t\t\t<a class=\"fusion-rollover-gallery\" href=\"https:\/\/www.metaltex.com\/wp-content\/uploads\/Ambiente25_Metaltex-Booth_icon.jpg\" data-options=\"\" data-id=\"64423\" data-rel=\"iLightbox[gallery]\" data-title=\"Ambiente25_Metaltex-Booth_icon\" data-caption=\"\">\n\t\t\t\t\t\tGallery\t\t\t\t\t<\/a>\n\t\t\t\t\t\t\t\t\t\t\t\t\t\t\n\t\t\n\t\t\t\t\t\t\t\t\t\t\t\t<h4 class=\"fusion-rollover-title\">\n\t\t\t\t\t<a class=\"fusion-rollover-title-link\" href=\"https:\/\/www.metaltex.com\/de\/ambiente-2025\/\">\n\t\t\t\t\t\tAmbiente 2025\t\t\t\t\t<\/a>\n\t\t\t\t<\/h4>\n\t\t\t\n\t\t\t\t\t\t\t\t\n\t\t\n\t\t\t\t\t\t<a class=\"fusion-link-wrapper\" href=\"https:\/\/www.metaltex.com\/de\/ambiente-2025\/\" aria-label=\"Ambiente 2025\"><\/a>\n\t<\/div>\n<\/div>\n<\/div>\n<\/li>\n\t\t\t\n\t\t\t\n\t\t\t\t\t\t\t\t\t\t\t\t\t\t\t\t\t\t\t\t\t\t\t\t\t\t\t\t\t\t\t\t\t\t\t\t\t\t\t\t\t\t\t\t\t\t\t\t\t\t\t\t\t\t\t\t\t\t\t\t\t\t\t\t\t\t\t\t<\/ul>\n\t<\/div>\n\t<div class=\"fusion-post-content-wrapper\" style=\"padding:30px 25px 20px 25px;\"><div class=\"fusion-post-content post-content\"><h2 class=\"blog-shortcode-post-title entry-title\">Ambiente 2025<\/h2><p class=\"fusion-single-line-meta\"><span class=\"updated\" style=\"display:none;\">2025-02-20T15:45:02+01:00<\/span><span>Februar 2025<\/span><span class=\"fusion-inline-sep\">|<\/span><a href=\"https:\/\/www.metaltex.com\/de\/category\/posts-de\/2025-de\/\" rel=\"category tag\">2025<\/a>, <a href=\"https:\/\/www.metaltex.com\/de\/category\/germany-de\/\" rel=\"category tag\">Germany<\/a>, <a href=\"https:\/\/www.metaltex.com\/de\/category\/posts-de\/\" rel=\"category tag\">Posts<\/a><span class=\"fusion-inline-sep\">|<\/span><\/p><div class=\"fusion-content-sep sep-none\"><\/div><div class=\"fusion-post-content-container\"><p>Wir freuen uns, das positive Feedback zu teilen, das wir auf der Ambiente, der renommierten Frankfurter Messe f\u00fcr Haushaltswaren, erhalten haben. Metaltex war dort vom 7. bis 11. Februar vertreten. W\u00e4hrend dieser f\u00fcnf Tage hatten wir die Gelegenheit, ein besonderes Jubil\u00e4um zu feiern, das uns mit Stolz erf\u00fcllt: 80 Jahre Metaltex...<\/p><\/div><\/div><div class=\"fusion-meta-info\"><div class=\"fusion-alignleft\"><a class=\"fusion-read-more\" href=\"https:\/\/www.metaltex.com\/de\/ambiente-2025\/\" aria-label=\"More on Ambiente 2025\">Weiterlesen<\/a><\/div><\/div><\/div><div class=\"fusion-clearfix\"><\/div><\/div>\n<\/article>\n<div class=\"fusion-clearfix\"><\/div><\/div><div class=\"fusion-infinite-scroll-trigger\"><\/div><div class=\"pagination infinite-scroll clearfix\" style=\"display:none;\"><span class=\"current\">1<\/span><a href=\"https:\/\/www.metaltex.com\/de\/wp-json\/wp\/v2\/pages\/44559\/page\/2\/\" class=\"inactive\">2<\/a><a class=\"pagination-next\" rel=\"next\" href=\"https:\/\/www.metaltex.com\/de\/wp-json\/wp\/v2\/pages\/44559\/page\/2\/\"><span class=\"page-text\">Next<\/span><span class=\"page-next\"><\/span><\/a><\/div><div class=\"fusion-clearfix\"><\/div><button class=\"fusion-load-more-button fusion-blog-button fusion-clearfix\">Mehr anzeigen<\/button><\/div><\/div><\/div><\/div><\/div>\n","protected":false},"excerpt":{"rendered":"","protected":false},"author":1,"featured_media":0,"parent":0,"menu_order":0,"comment_status":"closed","ping_status":"closed","template":"100-width.php","meta":{"footnotes":""},"class_list":["post-44559","page","type-page","status-publish","hentry"],"_links":{"self":[{"href":"https:\/\/www.metaltex.com\/de\/wp-json\/wp\/v2\/pages\/44559","targetHints":{"allow":["GET"]}}],"collection":[{"href":"https:\/\/www.metaltex.com\/de\/wp-json\/wp\/v2\/pages"}],"about":[{"href":"https:\/\/www.metaltex.com\/de\/wp-json\/wp\/v2\/types\/page"}],"author":[{"embeddable":true,"href":"https:\/\/www.metaltex.com\/de\/wp-json\/wp\/v2\/users\/1"}],"replies":[{"embeddable":true,"href":"https:\/\/www.metaltex.com\/de\/wp-json\/wp\/v2\/comments?post=44559"}],"version-history":[{"count":4,"href":"https:\/\/www.metaltex.com\/de\/wp-json\/wp\/v2\/pages\/44559\/revisions"}],"predecessor-version":[{"id":146251,"href":"https:\/\/www.metaltex.com\/de\/wp-json\/wp\/v2\/pages\/44559\/revisions\/146251"}],"wp:attachment":[{"href":"https:\/\/www.metaltex.com\/de\/wp-json\/wp\/v2\/media?parent=44559"}],"curies":[{"name":"wp","href":"https:\/\/api.w.org\/{rel}","templated":true}]}}